{"id":4774,"date":"2024-09-03T10:47:03","date_gmt":"2024-09-03T10:47:03","guid":{"rendered":"https:\/\/meetthecharacter.com\/fr\/?page_id=4774"},"modified":"2025-05-26T10:10:43","modified_gmt":"2025-05-26T10:10:43","slug":"avis","status":"publish","type":"page","link":"https:\/\/meetthecharacter.com\/fr\/avis\/","title":{"rendered":"Avis -Opiniones"},"content":{"rendered":"<p>[et_pb_section fb_built=\u00bb1&#8243; admin_label=\u00bbHeader\u00bb _builder_version=\u00bb4.27.4&#8243; background_color=\u00bb#ffdd00&#8243; custom_padding=\u00bb5px||0px|||\u00bb bottom_divider_color=\u00bb#ffffff\u00bb bottom_divider_height=\u00bb160px\u00bb collapsed=\u00bbon\u00bb global_colors_info=\u00bb{}\u00bb][et_pb_row _builder_version=\u00bb4.21.0&#8243; custom_margin=\u00bb4px|auto||auto||\u00bb custom_padding=\u00bb|||24px||\u00bb global_colors_info=\u00bb{}\u00bb][et_pb_column type=\u00bb4_4&#8243; _builder_version=\u00bb4.21.0&#8243; custom_padding=\u00bb50px||||false|false\u00bb global_colors_info=\u00bb{}\u00bb][et_pb_image title_text=\u00bbOpiniones\u00bb _builder_version=\u00bb4.27.4&#8243; _module_preset=\u00bbdefault\u00bb hover_enabled=\u00bb0&#8243; global_colors_info=\u00bb{}\u00bb src=\u00bbhttps:\/\/meetthecharacter.com\/fr\/wp-content\/uploads\/2025\/05\/Opiniones.jpg\u00bb sticky_enabled=\u00bb0&#8243;][\/et_pb_image][\/et_pb_column][\/et_pb_row][\/et_pb_section][et_pb_section fb_built=\u00bb1&#8243; _builder_version=\u00bb4.27.0&#8243; _module_preset=\u00bbdefault\u00bb global_colors_info=\u00bb{}\u00bb][et_pb_row _builder_version=\u00bb4.27.4&#8243; _module_preset=\u00bbdefault\u00bb global_colors_info=\u00bb{}\u00bb][et_pb_column type=\u00bb4_4&#8243; _builder_version=\u00bb4.27.0&#8243; _module_preset=\u00bbdefault\u00bb global_colors_info=\u00bb{}\u00bb][et_pb_text _builder_version=\u00bb4.27.4&#8243; _module_preset=\u00bbdefault\u00bb text_font=\u00bbQuicksand||||||||\u00bb text_font_size=\u00bb23px\u00bb text_line_height=\u00bb1.8em\u00bb custom_padding=\u00bb||0px|||\u00bb global_colors_info=\u00bb{}\u00bb]<\/p>\n<p>Voici quelques retours de celles et ceux qui ont v\u00e9cu l\u2019exp\u00e9rience Meet the Character :<\/p>\n<p><strong>Esther<\/strong>, professeure au coll\u00e8ge <strong>El Valle<\/strong> de Sanchinarro :<strong><em><\/em><\/strong><\/p>\n<p style=\"padding-left: 40px;\"><em><strong>\u00abUne super activit\u00e9 pour toute l\u2019\u00e9cole. Ils pr\u00e9sentent les personnages historiques de mani\u00e8re ludique et adapt\u00e9e \u00e0 chaque \u00e2ge. Les d\u00e9cors sont spectaculaires et les actrices ont \u00e9t\u00e9 g\u00e9niales. Je recommande \u00e0 100 % !\u00bb<\/strong><\/em><\/p>\n<p style=\"padding-left: 40px;\"><strong data-start=\"662\" data-end=\"671\">Juana<\/strong>, directrice de l\u2019\u00e9cole maternelle <strong>CEIP Santiago Ap\u00f3stol<\/strong> \u00e0 Villanueva de la Ca\u00f1ada :<\/p>\n<p style=\"padding-left: 40px;\"><em><strong>\u00abUne super activit\u00e9 pour toute l\u2019\u00e9cole. Ils pr\u00e9sentent les personnages historiques de mani\u00e8re ludique et adapt\u00e9e \u00e0 chaque \u00e2ge. Les d\u00e9cors sont spectaculaires et les actrices ont \u00e9t\u00e9 g\u00e9niales. Je recommande \u00e0 100 % !\u00bb<\/strong><\/em><\/p>\n<p>&nbsp;<\/p>\n<p>Mais bon\u2026 ce ne sont que des mots.<\/p>\n<p><br data-start=\"1019\" data-end=\"1022\" \/>Le mieux, c\u2019est de voir les r\u00e9actions en direct : les rires, les yeux \u00e9carquill\u00e9s, les questions sans fin.<br data-start=\"1128\" data-end=\"1131\" \/>Et \u00e7a, on ne peut pas le dire, il faut le vivre.<\/p>\n<p>&nbsp;<\/p>\n<p>[\/et_pb_text][\/et_pb_column][\/et_pb_row][et_pb_row column_structure=\u00bb1_4,1_4,1_4,1_4&#8243; _builder_version=\u00bb4.27.0&#8243; _module_preset=\u00bbdefault\u00bb global_colors_info=\u00bb{}\u00bb][et_pb_column type=\u00bb1_4&#8243; _builder_version=\u00bb4.27.0&#8243; _module_preset=\u00bbdefault\u00bb global_colors_info=\u00bb{}\u00bb][et_pb_image src=\u00bbhttps:\/\/meetthecharacter.com\/fr\/wp-content\/uploads\/2024\/09\/instagram-el-valle.jpg\u00bb title_text=\u00bbinstagram el valle\u00bb url=\u00bbhttps:\/\/www.instagram.com\/reel\/C4vv4kZN5ho\/?utm_source=ig_web_copy_link&#038;igsh=MzRlODBiNWFlZA%3D%3D\u00bb url_new_window=\u00bbon\u00bb _builder_version=\u00bb4.27.4&#8243; _module_preset=\u00bbdefault\u00bb global_colors_info=\u00bb{}\u00bb][\/et_pb_image][et_pb_image src=\u00bbhttps:\/\/meetthecharacter.com\/fr\/wp-content\/uploads\/2024\/09\/cp-los-castillos.jpg\u00bb title_text=\u00bbcp los castillos\u00bb url=\u00bbhttps:\/\/www.instagram.com\/p\/C2Iwo9iCGlO\/\u00bb url_new_window=\u00bbon\u00bb _builder_version=\u00bb4.27.0&#8243; _module_preset=\u00bbdefault\u00bb global_colors_info=\u00bb{}\u00bb][\/et_pb_image][\/et_pb_column][et_pb_column type=\u00bb1_4&#8243; _builder_version=\u00bb4.27.0&#8243; _module_preset=\u00bbdefault\u00bb global_colors_info=\u00bb{}\u00bb][et_pb_image src=\u00bbhttps:\/\/meetthecharacter.com\/fr\/wp-content\/uploads\/2024\/09\/instagram-santiago-apostol.jpg\u00bb title_text=\u00bbinstagram santiago apostol\u00bb url=\u00bbhttps:\/\/www.instagram.com\/reel\/C6jYnS-KbC3\/?igsh=ZTdldW82aHJpbm83&#8243; url_new_window=\u00bbon\u00bb _builder_version=\u00bb4.27.0&#8243; _module_preset=\u00bbdefault\u00bb global_colors_info=\u00bb{}\u00bb][\/et_pb_image][et_pb_image src=\u00bbhttps:\/\/meetthecharacter.com\/fr\/wp-content\/uploads\/2024\/09\/colegio-el-valle.jpg\u00bb title_text=\u00bbcolegio el valle\u00bb url=\u00bbhttps:\/\/www.instagram.com\/reel\/Cz_Ha57NSNu\/?igsh=aXdqcDRoa2dlazly\u00bb url_new_window=\u00bbon\u00bb _builder_version=\u00bb4.27.0&#8243; _module_preset=\u00bbdefault\u00bb global_colors_info=\u00bb{}\u00bb][\/et_pb_image][\/et_pb_column][et_pb_column type=\u00bb1_4&#8243; _builder_version=\u00bb4.27.0&#8243; _module_preset=\u00bbdefault\u00bb global_colors_info=\u00bb{}\u00bb][et_pb_image src=\u00bbhttps:\/\/meetthecharacter.com\/fr\/wp-content\/uploads\/2024\/09\/ceip-san-blas.jpg\u00bb title_text=\u00bbceip san blas\u00bb url=\u00bbhttps:\/\/www.instagram.com\/reel\/C8OoxeUNc6X\/?igsh=c2l6dWx0ZGxtbWps\u00bb url_new_window=\u00bbon\u00bb _builder_version=\u00bb4.27.0&#8243; _module_preset=\u00bbdefault\u00bb global_colors_info=\u00bb{}\u00bb][\/et_pb_image][et_pb_image src=\u00bbhttps:\/\/meetthecharacter.com\/fr\/wp-content\/uploads\/2025\/05\/liceo-sorolla.jpg\u00bb title_text=\u00bbliceo sorolla\u00bb url=\u00bbhttps:\/\/www.instagram.com\/reel\/DC14KxcNLIs\/?utm_source=ig_web_copy_link\u00bb url_new_window=\u00bbon\u00bb _builder_version=\u00bb4.27.4&#8243; _module_preset=\u00bbdefault\u00bb global_colors_info=\u00bb{}\u00bb][\/et_pb_image][\/et_pb_column][et_pb_column type=\u00bb1_4&#8243; _builder_version=\u00bb4.27.0&#8243; _module_preset=\u00bbdefault\u00bb global_colors_info=\u00bb{}\u00bb][et_pb_image src=\u00bbhttps:\/\/meetthecharacter.com\/fr\/wp-content\/uploads\/2024\/11\/liceo-sorlla.jpg\u00bb title_text=\u00bbliceo sorlla\u00bb url=\u00bbhttps:\/\/www.instagram.com\/reel\/DCqnJEbtEJI\/?igsh=MWF5YW1mOGwzN2Q3dw==\u00bb url_new_window=\u00bbon\u00bb _builder_version=\u00bb4.27.0&#8243; _module_preset=\u00bbdefault\u00bb global_colors_info=\u00bb{}\u00bb][\/et_pb_image][et_pb_image src=\u00bbhttps:\/\/meetthecharacter.com\/fr\/wp-content\/uploads\/2025\/05\/et-bien-plus-encore.-french.jpg\u00bb title_text=\u00bbet bien plus encore&#8230; french\u00bb url=\u00bbhttps:\/\/www.instagram.com\/meetthecharacters\/\u00bb url_new_window=\u00bbon\u00bb _builder_version=\u00bb4.27.4&#8243; _module_preset=\u00bbdefault\u00bb global_colors_info=\u00bb{}\u00bb][\/et_pb_image][\/et_pb_column][\/et_pb_row][\/et_pb_section][et_pb_section fb_built=\u00bb1&#8243; fullwidth=\u00bbon\u00bb _builder_version=\u00bb4.27.4&#8243; _module_preset=\u00bbdefault\u00bb global_colors_info=\u00bb{}\u00bb][et_pb_fullwidth_portfolio fullwidth=\u00bboff\u00bb include_categories=\u00bb37,36,38,35,32,39,33,34,40&#8243; show_date=\u00bboff\u00bb _builder_version=\u00bb4.27.4&#8243; _module_preset=\u00bbdefault\u00bb global_colors_info=\u00bb{}\u00bb][\/et_pb_fullwidth_portfolio][\/et_pb_section]<\/p>\n","protected":false},"excerpt":{"rendered":"<p>Voici quelques retours de celles et ceux qui ont v\u00e9cu l\u2019exp\u00e9rience Meet the Character : Esther, professeure au coll\u00e8ge El Valle de Sanchinarro : \u00abUne super activit\u00e9 pour toute l\u2019\u00e9cole. Ils pr\u00e9sentent les personnages historiques de mani\u00e8re ludique et adapt\u00e9e \u00e0 chaque \u00e2ge. Les d\u00e9cors sont spectaculaires et les actrices ont \u00e9t\u00e9 g\u00e9niales. Je recommande [&hellip;]<\/p>\n","protected":false},"author":1,"featured_media":0,"parent":0,"menu_order":0,"comment_status":"closed","ping_status":"closed","template":"","meta":{"_acf_changed":false,"_et_pb_use_builder":"on","_et_pb_old_content":"","_et_gb_content_width":"","footnotes":""},"class_list":["post-4774","page","type-page","status-publish","hentry"],"acf":[],"yoast_head":"<!-- This site is optimized with the Yoast SEO plugin v27.5 - https:\/\/yoast.com\/product\/yoast-seo-wordpress\/ -->\n<title>Avis -Opiniones - Meet the Character<\/title>\n<meta name=\"robots\" content=\"index, follow, max-snippet:-1, max-image-preview:large, max-video-preview:-1\" \/>\n<link rel=\"canonical\" href=\"https:\/\/meetthecharacter.com\/fr\/avis\/\" \/>\n<meta property=\"og:locale\" content=\"es_ES\" \/>\n<meta property=\"og:type\" content=\"article\" \/>\n<meta property=\"og:title\" content=\"Avis -Opiniones - Meet the Character\" \/>\n<meta property=\"og:description\" content=\"Voici quelques retours de celles et ceux qui ont v\u00e9cu l\u2019exp\u00e9rience Meet the Character : Esther, professeure au coll\u00e8ge El Valle de Sanchinarro : &quot;Une super activit\u00e9 pour toute l\u2019\u00e9cole. Ils pr\u00e9sentent les personnages historiques de mani\u00e8re ludique et adapt\u00e9e \u00e0 chaque \u00e2ge. Les d\u00e9cors sont spectaculaires et les actrices ont \u00e9t\u00e9 g\u00e9niales. Je recommande [&hellip;]\" \/>\n<meta property=\"og:url\" content=\"https:\/\/meetthecharacter.com\/fr\/avis\/\" \/>\n<meta property=\"og:site_name\" content=\"Meet the Character\" \/>\n<meta property=\"article:modified_time\" content=\"2025-05-26T10:10:43+00:00\" \/>\n<meta name=\"twitter:card\" content=\"summary_large_image\" \/>\n<meta name=\"twitter:label1\" content=\"Tiempo de lectura\" \/>\n\t<meta name=\"twitter:data1\" content=\"6 minutos\" \/>\n<script type=\"application\/ld+json\" class=\"yoast-schema-graph\">{\"@context\":\"https:\\\/\\\/schema.org\",\"@graph\":[{\"@type\":\"WebPage\",\"@id\":\"https:\\\/\\\/meetthecharacter.com\\\/fr\\\/avis\\\/\",\"url\":\"https:\\\/\\\/meetthecharacter.com\\\/fr\\\/avis\\\/\",\"name\":\"Avis -Opiniones - Meet the Character\",\"isPartOf\":{\"@id\":\"https:\\\/\\\/meetthecharacter.com\\\/fr\\\/#website\"},\"datePublished\":\"2024-09-03T10:47:03+00:00\",\"dateModified\":\"2025-05-26T10:10:43+00:00\",\"breadcrumb\":{\"@id\":\"https:\\\/\\\/meetthecharacter.com\\\/fr\\\/avis\\\/#breadcrumb\"},\"inLanguage\":\"es\",\"potentialAction\":[{\"@type\":\"ReadAction\",\"target\":[\"https:\\\/\\\/meetthecharacter.com\\\/fr\\\/avis\\\/\"]}]},{\"@type\":\"BreadcrumbList\",\"@id\":\"https:\\\/\\\/meetthecharacter.com\\\/fr\\\/avis\\\/#breadcrumb\",\"itemListElement\":[{\"@type\":\"ListItem\",\"position\":1,\"name\":\"Portada\",\"item\":\"https:\\\/\\\/meetthecharacter.com\\\/fr\\\/\"},{\"@type\":\"ListItem\",\"position\":2,\"name\":\"Avis -Opiniones\"}]},{\"@type\":\"WebSite\",\"@id\":\"https:\\\/\\\/meetthecharacter.com\\\/fr\\\/#website\",\"url\":\"https:\\\/\\\/meetthecharacter.com\\\/fr\\\/\",\"name\":\"Meet the Character\",\"description\":\"\",\"potentialAction\":[{\"@type\":\"SearchAction\",\"target\":{\"@type\":\"EntryPoint\",\"urlTemplate\":\"https:\\\/\\\/meetthecharacter.com\\\/fr\\\/?s={search_term_string}\"},\"query-input\":{\"@type\":\"PropertyValueSpecification\",\"valueRequired\":true,\"valueName\":\"search_term_string\"}}],\"inLanguage\":\"es\"}]}<\/script>\n<!-- \/ Yoast SEO plugin. -->","yoast_head_json":{"title":"Avis -Opiniones - Meet the Character","robots":{"index":"index","follow":"follow","max-snippet":"max-snippet:-1","max-image-preview":"max-image-preview:large","max-video-preview":"max-video-preview:-1"},"canonical":"https:\/\/meetthecharacter.com\/fr\/avis\/","og_locale":"es_ES","og_type":"article","og_title":"Avis -Opiniones - Meet the Character","og_description":"Voici quelques retours de celles et ceux qui ont v\u00e9cu l\u2019exp\u00e9rience Meet the Character : Esther, professeure au coll\u00e8ge El Valle de Sanchinarro : \"Une super activit\u00e9 pour toute l\u2019\u00e9cole. Ils pr\u00e9sentent les personnages historiques de mani\u00e8re ludique et adapt\u00e9e \u00e0 chaque \u00e2ge. Les d\u00e9cors sont spectaculaires et les actrices ont \u00e9t\u00e9 g\u00e9niales. Je recommande [&hellip;]","og_url":"https:\/\/meetthecharacter.com\/fr\/avis\/","og_site_name":"Meet the Character","article_modified_time":"2025-05-26T10:10:43+00:00","twitter_card":"summary_large_image","twitter_misc":{"Tiempo de lectura":"6 minutos"},"schema":{"@context":"https:\/\/schema.org","@graph":[{"@type":"WebPage","@id":"https:\/\/meetthecharacter.com\/fr\/avis\/","url":"https:\/\/meetthecharacter.com\/fr\/avis\/","name":"Avis -Opiniones - Meet the Character","isPartOf":{"@id":"https:\/\/meetthecharacter.com\/fr\/#website"},"datePublished":"2024-09-03T10:47:03+00:00","dateModified":"2025-05-26T10:10:43+00:00","breadcrumb":{"@id":"https:\/\/meetthecharacter.com\/fr\/avis\/#breadcrumb"},"inLanguage":"es","potentialAction":[{"@type":"ReadAction","target":["https:\/\/meetthecharacter.com\/fr\/avis\/"]}]},{"@type":"BreadcrumbList","@id":"https:\/\/meetthecharacter.com\/fr\/avis\/#breadcrumb","itemListElement":[{"@type":"ListItem","position":1,"name":"Portada","item":"https:\/\/meetthecharacter.com\/fr\/"},{"@type":"ListItem","position":2,"name":"Avis -Opiniones"}]},{"@type":"WebSite","@id":"https:\/\/meetthecharacter.com\/fr\/#website","url":"https:\/\/meetthecharacter.com\/fr\/","name":"Meet the Character","description":"","potentialAction":[{"@type":"SearchAction","target":{"@type":"EntryPoint","urlTemplate":"https:\/\/meetthecharacter.com\/fr\/?s={search_term_string}"},"query-input":{"@type":"PropertyValueSpecification","valueRequired":true,"valueName":"search_term_string"}}],"inLanguage":"es"}]}},"_links":{"self":[{"href":"https:\/\/meetthecharacter.com\/fr\/wp-json\/wp\/v2\/pages\/4774","targetHints":{"allow":["GET"]}}],"collection":[{"href":"https:\/\/meetthecharacter.com\/fr\/wp-json\/wp\/v2\/pages"}],"about":[{"href":"https:\/\/meetthecharacter.com\/fr\/wp-json\/wp\/v2\/types\/page"}],"author":[{"embeddable":true,"href":"https:\/\/meetthecharacter.com\/fr\/wp-json\/wp\/v2\/users\/1"}],"replies":[{"embeddable":true,"href":"https:\/\/meetthecharacter.com\/fr\/wp-json\/wp\/v2\/comments?post=4774"}],"version-history":[{"count":17,"href":"https:\/\/meetthecharacter.com\/fr\/wp-json\/wp\/v2\/pages\/4774\/revisions"}],"predecessor-version":[{"id":5237,"href":"https:\/\/meetthecharacter.com\/fr\/wp-json\/wp\/v2\/pages\/4774\/revisions\/5237"}],"wp:attachment":[{"href":"https:\/\/meetthecharacter.com\/fr\/wp-json\/wp\/v2\/media?parent=4774"}],"curies":[{"name":"wp","href":"https:\/\/api.w.org\/{rel}","templated":true}]}}