{"id":4685,"date":"2024-08-23T10:17:36","date_gmt":"2024-08-23T10:17:36","guid":{"rendered":"https:\/\/meetthecharacter.com\/fr\/?page_id=4685"},"modified":"2025-06-11T08:49:33","modified_gmt":"2025-06-11T08:49:33","slug":"galerie","status":"publish","type":"page","link":"https:\/\/meetthecharacter.com\/fr\/galerie\/","title":{"rendered":"Galerie"},"content":{"rendered":"<p>[et_pb_section fb_built=\u00bb1&#8243; admin_label=\u00bbHeader\u00bb _builder_version=\u00bb4.27.0&#8243; background_color=\u00bb#ffdd00&#8243; width=\u00bb100%\u00bb max_width=\u00bb100%\u00bb height=\u00bb266px\u00bb custom_padding=\u00bb0px||40px|||\u00bb bottom_divider_color=\u00bb#ffffff\u00bb bottom_divider_height=\u00bb160px\u00bb collapsed=\u00bbon\u00bb global_colors_info=\u00bb{}\u00bb][et_pb_row _builder_version=\u00bb4.27.4&#8243; _module_preset=\u00bbdefault\u00bb width=\u00bb42%\u00bb min_height=\u00bb457.1px\u00bb global_colors_info=\u00bb{}\u00bb][et_pb_column type=\u00bb4_4&#8243; _builder_version=\u00bb4.27.0&#8243; _module_preset=\u00bbdefault\u00bb global_colors_info=\u00bb{}\u00bb][et_pb_image src=\u00bbhttps:\/\/meetthecharacter.com\/fr\/wp-content\/uploads\/2025\/05\/Galeria.jpg\u00bb title_text=\u00bbGaler\u00eda\u00bb _builder_version=\u00bb4.27.4&#8243; _module_preset=\u00bbdefault\u00bb locked=\u00bboff\u00bb global_colors_info=\u00bb{}\u00bb][\/et_pb_image][\/et_pb_column][\/et_pb_row][\/et_pb_section][et_pb_section fb_built=\u00bb1&#8243; _builder_version=\u00bb4.27.0&#8243; _module_preset=\u00bbdefault\u00bb min_height=\u00bb423.8px\u00bb custom_padding=\u00bb46px||4px|||\u00bb global_colors_info=\u00bb{}\u00bb][et_pb_row column_structure=\u00bb2_5,3_5&#8243; _builder_version=\u00bb4.27.0&#8243; _module_preset=\u00bbdefault\u00bb global_colors_info=\u00bb{}\u00bb][et_pb_column type=\u00bb2_5&#8243; _builder_version=\u00bb4.27.0&#8243; _module_preset=\u00bbdefault\u00bb global_colors_info=\u00bb{}\u00bb][et_pb_image src=\u00bbhttps:\/\/marketingsincuentos.com\/wp-content\/uploads\/2023\/06\/icono-1-1.jpg\u00bb title_text=\u00bbicono 1&#8243; _builder_version=\u00bb4.21.0&#8243; _module_preset=\u00bbdefault\u00bb global_colors_info=\u00bb{}\u00bb][\/et_pb_image][\/et_pb_column][et_pb_column type=\u00bb3_5&#8243; _builder_version=\u00bb4.27.0&#8243; _module_preset=\u00bbdefault\u00bb global_colors_info=\u00bb{}\u00bb][et_pb_text _builder_version=\u00bb4.27.4&#8243; _module_preset=\u00bbdefault\u00bb text_font=\u00bbQuicksand||||||||\u00bb text_font_size=\u00bb23px\u00bb text_line_height=\u00bb1.8em\u00bb custom_margin=\u00bb-12px||||false|false\u00bb custom_padding=\u00bb1px||10px|||\u00bb global_colors_info=\u00bb{}\u00bb]<\/p>\n<p data-start=\"315\" data-end=\"389\"><span class=\"relative -mx-px my-[-0.2rem] rounded px-px py-[0.2rem] transition-colors duration-100 ease-in-out\">Les trois ingr\u00e9dients de nos activit\u00e9s sont la surprise, l&#8217;\u00e9motion et l&#8217;action\u2026 ici, on ne vient pas juste pour regarder.<\/span><span class=\"\" data-state=\"closed\"><\/span><\/p>\n<p data-start=\"391\" data-end=\"465\"><span class=\"relative -mx-px my-[-0.2rem] rounded px-px py-[0.2rem] transition-colors duration-100 ease-in-out\">Avec des objectifs tr\u00e8s clairs : enseigner en exp\u00e9rimentant et \u00e9veiller la curiosit\u00e9.<\/span><\/p>\n<p data-start=\"467\" data-end=\"545\"><span class=\"relative -mx-px my-[-0.2rem] rounded px-px py-[0.2rem] transition-colors duration-100 ease-in-out\">Ceci est bien plus que raconter une histoire, c&#8217;est vivre l&#8217;histoire, d\u00e9couvrez-le dans notre galerie d&#8217;images :<\/span><\/p>\n<p>[\/et_pb_text][\/et_pb_column][\/et_pb_row][\/et_pb_section][et_pb_section fb_built=\u00bb1&#8243; _builder_version=\u00bb4.27.0&#8243; _module_preset=\u00bbdefault\u00bb custom_padding=\u00bb||28px|||\u00bb global_colors_info=\u00bb{}\u00bb][et_pb_row column_structure=\u00bb1_2,1_2&#8243; _builder_version=\u00bb4.27.0&#8243; _module_preset=\u00bbdefault\u00bb global_colors_info=\u00bb{}\u00bb][et_pb_column type=\u00bb1_2&#8243; _builder_version=\u00bb4.27.0&#8243; _module_preset=\u00bbdefault\u00bb global_colors_info=\u00bb{}\u00bb][et_pb_gallery gallery_ids=\u00bb4716,4720,4719,4717&#8243; fullwidth=\u00bbon\u00bb _builder_version=\u00bb4.27.4&#8243; _module_preset=\u00bbdefault\u00bb auto=\u00bbon\u00bb auto_speed=\u00bb4000&#8243; box_shadow_style=\u00bbpreset4&#8243; box_shadow_blur=\u00bb11px\u00bb box_shadow_spread=\u00bb17px\u00bb box_shadow_color=\u00bb#fbdc00&#8243; global_colors_info=\u00bb{}\u00bb][\/et_pb_gallery][\/et_pb_column][et_pb_column type=\u00bb1_2&#8243; _builder_version=\u00bb4.27.0&#8243; _module_preset=\u00bbdefault\u00bb global_colors_info=\u00bb{}\u00bb][et_pb_text _builder_version=\u00bb4.27.4&#8243; _module_preset=\u00bbdefault\u00bb custom_margin=\u00bb||-49px|||\u00bb custom_padding=\u00bb||0px|||\u00bb global_colors_info=\u00bb{}\u00bb]<\/p>\n<h3><span style=\"color: #000000;\"><strong>D\u00e9couvrez nos sc\u00e9nographies spectaculaires<\/strong><\/span><\/h3>\n<h3><span style=\"color: #000000;\"><strong>\u00a0<\/strong><\/span><\/h3>\n<p data-start=\"641\" data-end=\"912\">Des sables dor\u00e9s d&#8217;\u00c9gypte aux majestueuses salles d&#8217;Alexandrie, voici Cl\u00e9op\u00e2tre, la derni\u00e8re reine de la dynastie ptol\u00e9ma\u00efque. Une femme dont le pouvoir et le charme ont transcend\u00e9 les fronti\u00e8res et qui, accompagn\u00e9e de sa suite de nobles et d&#8217;\u00e9rudits, visite votre \u00e9cole.<\/p>\n<p data-start=\"914\" data-end=\"1118\">Dans les classes, nous recr\u00e9ons des d\u00e9cors totalement diff\u00e9rents : du temple \u00e9gyptien avec Cl\u00e9op\u00e2tre, le Nil avec Imhotep, le d\u00e9sert avec un marchand b\u00e9douin, jusqu&#8217;\u00e0 un palais \u00e9gyptien avec la pr\u00eatresse.<\/p>\n<p>[\/et_pb_text][\/et_pb_column][\/et_pb_row][\/et_pb_section][et_pb_section fb_built=\u00bb1&#8243; _builder_version=\u00bb4.27.0&#8243; _module_preset=\u00bbdefault\u00bb custom_padding=\u00bb19px||28px|||\u00bb global_colors_info=\u00bb{}\u00bb][et_pb_row column_structure=\u00bb1_2,1_2&#8243; _builder_version=\u00bb4.27.0&#8243; _module_preset=\u00bbdefault\u00bb custom_margin=\u00bb20px|auto||auto||\u00bb global_colors_info=\u00bb{}\u00bb][et_pb_column type=\u00bb1_2&#8243; _builder_version=\u00bb4.27.0&#8243; _module_preset=\u00bbdefault\u00bb global_colors_info=\u00bb{}\u00bb][et_pb_text _builder_version=\u00bb4.27.4&#8243; _module_preset=\u00bbdefault\u00bb global_colors_info=\u00bb{}\u00bb]<\/p>\n<h3><span style=\"color: #000000;\"><strong>Toujours attentifs aux d\u00e9tails<\/strong><\/span><\/h3>\n<p><span style=\"color: #000000;\"><strong><\/strong><\/span><\/p>\n<p>Depuis les mers lointaines entourant la fin du monde, voici Juan Sebasti\u00e1n Elcano, le marin intr\u00e9pide qui a accompli le premier tour du monde. Avec la brise sal\u00e9e encore sur son visage et les histoires de terres exotiques grav\u00e9es dans sa m\u00e9moire, Elcano d\u00e9barque dans notre \u00e9poque pour nous raconter ses aventures \u00e9piques.<\/p>\n<p>Dans nos activit\u00e9s, nous veillons toujours aux d\u00e9tails pour qu&#8217;ils soient r\u00e9alistes et impressionnants. Nous travaillons avec des costumes de haute qualit\u00e9 et des acteurs tr\u00e8s exp\u00e9riment\u00e9s.<\/p>\n<p>[\/et_pb_text][\/et_pb_column][et_pb_column type=\u00bb1_2&#8243; _builder_version=\u00bb4.27.0&#8243; _module_preset=\u00bbdefault\u00bb global_colors_info=\u00bb{}\u00bb][et_pb_gallery gallery_ids=\u00bb4729,4730,4731,4732,4733&#8243; fullwidth=\u00bbon\u00bb _builder_version=\u00bb4.27.4&#8243; _module_preset=\u00bbdefault\u00bb auto=\u00bbon\u00bb auto_speed=\u00bb4000&#8243; box_shadow_style=\u00bbpreset4&#8243; box_shadow_vertical=\u00bb13px\u00bb box_shadow_blur=\u00bb7px\u00bb box_shadow_spread=\u00bb17px\u00bb box_shadow_color=\u00bb#fbdc00&#8243; global_colors_info=\u00bb{}\u00bb][\/et_pb_gallery][\/et_pb_column][\/et_pb_row][\/et_pb_section][et_pb_section fb_built=\u00bb1&#8243; _builder_version=\u00bb4.27.0&#8243; _module_preset=\u00bbdefault\u00bb custom_padding=\u00bb8px||28px|||\u00bb global_colors_info=\u00bb{}\u00bb][et_pb_row column_structure=\u00bb1_2,1_2&#8243; _builder_version=\u00bb4.27.0&#8243; _module_preset=\u00bbdefault\u00bb custom_padding=\u00bb59px|||||\u00bb global_colors_info=\u00bb{}\u00bb][et_pb_column type=\u00bb1_2&#8243; _builder_version=\u00bb4.27.0&#8243; _module_preset=\u00bbdefault\u00bb global_colors_info=\u00bb{}\u00bb][et_pb_gallery gallery_ids=\u00bb4743,4747,4837,4745,4744,4746&#8243; fullwidth=\u00bbon\u00bb _builder_version=\u00bb4.27.4&#8243; _module_preset=\u00bbdefault\u00bb auto=\u00bbon\u00bb auto_speed=\u00bb4000&#8243; box_shadow_style=\u00bbpreset4&#8243; box_shadow_blur=\u00bb3px\u00bb box_shadow_spread=\u00bb17px\u00bb box_shadow_color=\u00bb#fbdc00&#8243; global_colors_info=\u00bb{}\u00bb][\/et_pb_gallery][\/et_pb_column][et_pb_column type=\u00bb1_2&#8243; _builder_version=\u00bb4.27.0&#8243; _module_preset=\u00bbdefault\u00bb global_colors_info=\u00bb{}\u00bb][et_pb_text _builder_version=\u00bb4.27.4&#8243; _module_preset=\u00bbdefault\u00bb custom_margin=\u00bb||-49px|||\u00bb custom_padding=\u00bb||0px|||\u00bb global_colors_info=\u00bb{}\u00bb]<\/p>\n<h3>Nous laissons tout le monde bouche b\u00e9e<\/h3>\n<p><span style=\"color: #000000;\"><strong><\/strong><\/span><\/p>\n<p>Depuis les ateliers de la Renaissance \u00e0 Florence, voici L\u00e9onard de Vinci, l&#8217;homme dont l&#8217;ing\u00e9niosit\u00e9 et la curiosit\u00e9 illimit\u00e9e ont transcend\u00e9 le temps. Avec son carnet de croquis en main et un regard qui voit au-del\u00e0 du visible, L\u00e9onard nous invite \u00e0 explorer son monde d&#8217;id\u00e9es.<\/p>\n<p>Nous aimons que les enfants, les enseignants et les parents restent bouche b\u00e9e\u2026 Parce que lorsque quelque chose surprend et impressionne, cela reste beaucoup plus longtemps en m\u00e9moire.<\/p>\n<p>C&#8217;est pourquoi les \u00e9tudiants peuvent interagir avec un tableau de la Joconde ou monter dans l&#8217;une des machines volantes de L\u00e9onard.<\/p>\n<p>[\/et_pb_text][\/et_pb_column][\/et_pb_row][\/et_pb_section][et_pb_section fb_built=\u00bb1&#8243; _builder_version=\u00bb4.27.0&#8243; _module_preset=\u00bbdefault\u00bb custom_padding=\u00bb19px||28px|||\u00bb global_colors_info=\u00bb{}\u00bb][et_pb_row column_structure=\u00bb1_2,1_2&#8243; _builder_version=\u00bb4.27.4&#8243; _module_preset=\u00bbdefault\u00bb global_colors_info=\u00bb{}\u00bb][et_pb_column type=\u00bb1_2&#8243; _builder_version=\u00bb4.27.0&#8243; _module_preset=\u00bbdefault\u00bb global_colors_info=\u00bb{}\u00bb][et_pb_text _builder_version=\u00bb4.27.4&#8243; _module_preset=\u00bbdefault\u00bb global_colors_info=\u00bb{}\u00bb]<\/p>\n<h3><span style=\"color: #000000;\"><strong>Rigueur historique et scientifique<\/strong><\/span><\/h3>\n<p><span style=\"color: #000000;\"><strong><\/strong><\/span><\/p>\n<p data-start=\"2390\" data-end=\"2744\">Voici la reine qui a chang\u00e9 le destin de l&#8217;Espagne et du monde, Isabelle la Catholique. Avec la d\u00e9termination que seule une grande monarque poss\u00e8de, Isabelle nous rend visite pour partager l&#8217;histoire de la fa\u00e7on dont sa vision et sa volont\u00e9 ont uni les royaumes de Castille et d&#8217;Aragon, posant les bases d&#8217;un empire qui dominerait les mers et les terres.<\/p>\n<p data-start=\"2746\" data-end=\"2886\">Dans nos activit\u00e9s, nous r\u00e9alisons toujours une recherche approfondie pour que ce que disent ou font les personnages ait r\u00e9ellement eu lieu.<\/p>\n<p>[\/et_pb_text][\/et_pb_column][et_pb_column type=\u00bb1_2&#8243; _builder_version=\u00bb4.27.0&#8243; _module_preset=\u00bbdefault\u00bb global_colors_info=\u00bb{}\u00bb][et_pb_gallery gallery_ids=\u00bb4750,4752,4754&#8243; fullwidth=\u00bbon\u00bb _builder_version=\u00bb4.27.4&#8243; _module_preset=\u00bbdefault\u00bb auto=\u00bbon\u00bb auto_speed=\u00bb4000&#8243; box_shadow_style=\u00bbpreset4&#8243; box_shadow_blur=\u00bb3px\u00bb box_shadow_spread=\u00bb17px\u00bb box_shadow_color=\u00bb#fbdc00&#8243; global_colors_info=\u00bb{}\u00bb][\/et_pb_gallery][\/et_pb_column][\/et_pb_row][et_pb_row column_structure=\u00bb1_2,1_2&#8243; _builder_version=\u00bb4.27.0&#8243; _module_preset=\u00bbdefault\u00bb custom_padding=\u00bb82px|||||\u00bb global_colors_info=\u00bb{}\u00bb][et_pb_column type=\u00bb1_2&#8243; _builder_version=\u00bb4.27.0&#8243; _module_preset=\u00bbdefault\u00bb global_colors_info=\u00bb{}\u00bb][et_pb_gallery gallery_ids=\u00bb4846,4841,4842,4719,4748&#8243; fullwidth=\u00bbon\u00bb _builder_version=\u00bb4.27.4&#8243; _module_preset=\u00bbdefault\u00bb auto=\u00bbon\u00bb auto_speed=\u00bb4000&#8243; box_shadow_style=\u00bbpreset4&#8243; box_shadow_blur=\u00bb6px\u00bb box_shadow_spread=\u00bb17px\u00bb box_shadow_color=\u00bb#fbdc00&#8243; global_colors_info=\u00bb{}\u00bb][\/et_pb_gallery][\/et_pb_column][et_pb_column type=\u00bb1_2&#8243; _builder_version=\u00bb4.27.0&#8243; _module_preset=\u00bbdefault\u00bb global_colors_info=\u00bb{}\u00bb][et_pb_text _builder_version=\u00bb4.27.4&#8243; _module_preset=\u00bbdefault\u00bb custom_margin=\u00bb||-49px|||\u00bb custom_padding=\u00bb||0px|||\u00bb global_colors_info=\u00bb{}\u00bb]<\/p>\n<h3><span style=\"color: #000000;\"><strong>Interactivit\u00e9, interactivit\u00e9 et encore interactivit\u00e9<\/strong><\/span><\/h3>\n<p><span style=\"color: #000000;\"><strong><\/strong><\/span><\/p>\n<p>Nous ne nous contentons pas de raconter l&#8217;histoire : nous la vivons. Parce que, comme le disait Shakespeare, \u00able monde entier est une sc\u00e8ne\u00bb, et sur notre sc\u00e8ne, vous faites partie de l&#8217;action.<\/p>\n<p>Si Marie Curie avait appris la radioactivit\u00e9 uniquement dans les livres, elle n&#8217;aurait peut-\u00eatre jamais chang\u00e9 l&#8217;histoire de la science. Si Hypatie d&#8217;Alexandrie n&#8217;avait pas exp\u00e9riment\u00e9 avec les nombres et les astres, ses id\u00e9es n&#8217;auraient pas \u00e9clair\u00e9 des g\u00e9n\u00e9rations. Dans nos activit\u00e9s, nous suivons leur exemple : ici, on apprend en explorant, en essayant, en participant.<\/p>\n<p>Nos \u00e9v\u00e9nements interactifs vous plongent dans le pass\u00e9 d&#8217;une mani\u00e8re unique. Vous n&#8217;\u00eates pas un simple spectateur, mais un protagoniste qui questionne, d\u00e9couvre et exp\u00e9rimente. Parce que l&#8217;histoire ne s&#8217;\u00e9coute pas seulement, elle se vit !<\/p>\n<p>[\/et_pb_text][\/et_pb_column][\/et_pb_row][\/et_pb_section][et_pb_section fb_built=\u00bb1&#8243; _builder_version=\u00bb4.27.0&#8243; _module_preset=\u00bbdefault\u00bb custom_padding=\u00bb4px||28px|||\u00bb global_colors_info=\u00bb{}\u00bb][et_pb_row column_structure=\u00bb1_2,1_2&#8243; _builder_version=\u00bb4.27.0&#8243; _module_preset=\u00bbdefault\u00bb global_colors_info=\u00bb{}\u00bb][et_pb_column type=\u00bb1_2&#8243; _builder_version=\u00bb4.27.0&#8243; _module_preset=\u00bbdefault\u00bb global_colors_info=\u00bb{}\u00bb][et_pb_text _builder_version=\u00bb4.27.4&#8243; _module_preset=\u00bbdefault\u00bb global_colors_info=\u00bb{}\u00bb]<\/p>\n<h3>Et bien plus encore\u2026<\/h3>\n<p>Imaginez tout cela dans votre \u00e9cole\u2026<\/p>\n<p>[\/et_pb_text][\/et_pb_column][et_pb_column type=\u00bb1_2&#8243; _builder_version=\u00bb4.27.0&#8243; _module_preset=\u00bbdefault\u00bb global_colors_info=\u00bb{}\u00bb][\/et_pb_column][\/et_pb_row][et_pb_row _builder_version=\u00bb4.27.4&#8243; _module_preset=\u00bbdefault\u00bb global_colors_info=\u00bb{}\u00bb][et_pb_column type=\u00bb4_4&#8243; _builder_version=\u00bb4.27.0&#8243; _module_preset=\u00bbdefault\u00bb global_colors_info=\u00bb{}\u00bb][et_pb_gallery gallery_ids=\u00bb4828,4854,4838,4837,4853&#8243; fullwidth=\u00bbon\u00bb _builder_version=\u00bb4.27.4&#8243; _module_preset=\u00bbdefault\u00bb auto=\u00bbon\u00bb auto_speed=\u00bb2000&#8243; box_shadow_style=\u00bbpreset5&#8243; box_shadow_blur=\u00bb9px\u00bb box_shadow_spread=\u00bb25px\u00bb box_shadow_color=\u00bb#fbdc00&#8243; global_colors_info=\u00bb{}\u00bb][\/et_pb_gallery][\/et_pb_column][\/et_pb_row][\/et_pb_section][et_pb_section fb_built=\u00bb1&#8243; _builder_version=\u00bb4.21.0&#8243; _module_preset=\u00bbdefault\u00bb global_colors_info=\u00bb{}\u00bb][et_pb_row _builder_version=\u00bb4.21.0&#8243; _module_preset=\u00bbdefault\u00bb global_colors_info=\u00bb{}\u00bb][et_pb_column type=\u00bb4_4&#8243; _builder_version=\u00bb4.21.0&#8243; _module_preset=\u00bbdefault\u00bb global_colors_info=\u00bb{}\u00bb][et_pb_text _builder_version=\u00bb4.27.4&#8243; _module_preset=\u00bbdefault\u00bb text_font=\u00bbPlayfair Display||||||||\u00bb text_text_color=\u00bb#000000&#8243; text_font_size=\u00bb57px\u00bb text_line_height=\u00bb1em\u00bb min_height=\u00bb70px\u00bb custom_padding=\u00bb90px|||||\u00bb inline_fonts=\u00bbAleo\u00bb global_colors_info=\u00bb{}\u00bb]<\/p>\n<p style=\"text-align: center;\"><span style=\"font-family: Aleo;\"><span style=\"color: #424242;\">On en parle?<\/span><span style=\"color: #0c71c3;\">\u00a0<\/span><\/span><\/p>\n<p>[\/et_pb_text][et_pb_blurb icon_alignment=\u00bbleft\u00bb content_max_width=\u00bb100%\u00bb icon_alignment_tablet=\u00bb\u00bb icon_alignment_phone=\u00bb\u00bb icon_alignment_last_edited=\u00bbon|tablet\u00bb _builder_version=\u00bb4.27.4&#8243; header_font=\u00bbPlayfair Display|700|||||||\u00bb header_text_align=\u00bbleft\u00bb header_font_size=\u00bb20px\u00bb header_line_height=\u00bb1.5em\u00bb body_font=\u00bbPT Sans||||||||\u00bb body_text_align=\u00bbleft\u00bb body_text_color=\u00bb#62748a\u00bb custom_padding=\u00bb||3px|||\u00bb animation=\u00bboff\u00bb inline_fonts=\u00bbQuicksand\u00bb global_colors_info=\u00bb{}\u00bb]<\/p>\n<p style=\"text-align: center;\"><span style=\"font-family: Quicksand; font-weight: normal; color: #263534;\">Pour plus d&#8217;informations et r\u00e9servations :<\/span><\/p>\n<p style=\"text-align: center;\"><span style=\"font-family: Quicksand; font-weight: normal; color: #263534;\"><\/span><\/p>\n<p>[\/et_pb_blurb][et_pb_button button_url=\u00bbhttps:\/\/meetthecharacter.com\/fr\/contact\/\u00bb button_text=\u00bbCliquez ici pour nous parler\u00bb button_alignment=\u00bbcenter\u00bb _builder_version=\u00bb4.27.4&#8243; _module_preset=\u00bbdefault\u00bb custom_button=\u00bbon\u00bb button_bg_color=\u00bb#f6dc01&#8243; button_border_color=\u00bb#FFFFFF\u00bb button_border_radius=\u00bb24px\u00bb button_font=\u00bbQuicksand||||||||\u00bb button_icon=\u00bb&#x34;||divi||400&#8243; button_icon_color=\u00bb#FFFFFF\u00bb background_layout=\u00bbdark\u00bb hover_enabled=\u00bb0&#8243; global_colors_info=\u00bb{}\u00bb url_new_window=\u00bbon\u00bb sticky_enabled=\u00bb0&#8243; locked=\u00bboff\u00bb][\/et_pb_button][\/et_pb_column][\/et_pb_row][\/et_pb_section]<\/p>\n","protected":false},"excerpt":{"rendered":"<p>Les trois ingr\u00e9dients de nos activit\u00e9s sont la surprise, l&#8217;\u00e9motion et l&#8217;action\u2026 ici, on ne vient pas juste pour regarder. Avec des objectifs tr\u00e8s clairs : enseigner en exp\u00e9rimentant et \u00e9veiller la curiosit\u00e9. Ceci est bien plus que raconter une histoire, c&#8217;est vivre l&#8217;histoire, d\u00e9couvrez-le dans notre galerie d&#8217;images :D\u00e9couvrez nos sc\u00e9nographies spectaculaires \u00a0 Des [&hellip;]<\/p>\n","protected":false},"author":1,"featured_media":0,"parent":0,"menu_order":0,"comment_status":"closed","ping_status":"closed","template":"","meta":{"_acf_changed":false,"_et_pb_use_builder":"on","_et_pb_old_content":"","_et_gb_content_width":"","footnotes":""},"class_list":["post-4685","page","type-page","status-publish","hentry"],"acf":[],"yoast_head":"<!-- This site is optimized with the Yoast SEO plugin v27.6 - https:\/\/yoast.com\/product\/yoast-seo-wordpress\/ -->\n<title>Galerie - Meet the Character<\/title>\n<meta name=\"robots\" content=\"index, follow, max-snippet:-1, max-image-preview:large, max-video-preview:-1\" \/>\n<link rel=\"canonical\" href=\"https:\/\/meetthecharacter.com\/fr\/galerie\/\" \/>\n<meta property=\"og:locale\" content=\"es_ES\" \/>\n<meta property=\"og:type\" content=\"article\" \/>\n<meta property=\"og:title\" content=\"Galerie - Meet the Character\" \/>\n<meta property=\"og:description\" content=\"Les trois ingr\u00e9dients de nos activit\u00e9s sont la surprise, l&#039;\u00e9motion et l&#039;action\u2026 ici, on ne vient pas juste pour regarder. Avec des objectifs tr\u00e8s clairs : enseigner en exp\u00e9rimentant et \u00e9veiller la curiosit\u00e9. Ceci est bien plus que raconter une histoire, c&#039;est vivre l&#039;histoire, d\u00e9couvrez-le dans notre galerie d&#039;images :D\u00e9couvrez nos sc\u00e9nographies spectaculaires \u00a0 Des [&hellip;]\" \/>\n<meta property=\"og:url\" content=\"https:\/\/meetthecharacter.com\/fr\/galerie\/\" \/>\n<meta property=\"og:site_name\" content=\"Meet the Character\" \/>\n<meta property=\"article:modified_time\" content=\"2025-06-11T08:49:33+00:00\" \/>\n<meta name=\"twitter:card\" content=\"summary_large_image\" \/>\n<meta name=\"twitter:label1\" content=\"Tiempo de lectura\" \/>\n\t<meta name=\"twitter:data1\" content=\"9 minutos\" \/>\n<script type=\"application\/ld+json\" class=\"yoast-schema-graph\">{\"@context\":\"https:\\\/\\\/schema.org\",\"@graph\":[{\"@type\":\"WebPage\",\"@id\":\"https:\\\/\\\/meetthecharacter.com\\\/fr\\\/galerie\\\/\",\"url\":\"https:\\\/\\\/meetthecharacter.com\\\/fr\\\/galerie\\\/\",\"name\":\"Galerie - Meet the Character\",\"isPartOf\":{\"@id\":\"https:\\\/\\\/meetthecharacter.com\\\/fr\\\/#website\"},\"datePublished\":\"2024-08-23T10:17:36+00:00\",\"dateModified\":\"2025-06-11T08:49:33+00:00\",\"breadcrumb\":{\"@id\":\"https:\\\/\\\/meetthecharacter.com\\\/fr\\\/galerie\\\/#breadcrumb\"},\"inLanguage\":\"es\",\"potentialAction\":[{\"@type\":\"ReadAction\",\"target\":[\"https:\\\/\\\/meetthecharacter.com\\\/fr\\\/galerie\\\/\"]}]},{\"@type\":\"BreadcrumbList\",\"@id\":\"https:\\\/\\\/meetthecharacter.com\\\/fr\\\/galerie\\\/#breadcrumb\",\"itemListElement\":[{\"@type\":\"ListItem\",\"position\":1,\"name\":\"Portada\",\"item\":\"https:\\\/\\\/meetthecharacter.com\\\/fr\\\/\"},{\"@type\":\"ListItem\",\"position\":2,\"name\":\"Galerie\"}]},{\"@type\":\"WebSite\",\"@id\":\"https:\\\/\\\/meetthecharacter.com\\\/fr\\\/#website\",\"url\":\"https:\\\/\\\/meetthecharacter.com\\\/fr\\\/\",\"name\":\"Meet the Character\",\"description\":\"\",\"potentialAction\":[{\"@type\":\"SearchAction\",\"target\":{\"@type\":\"EntryPoint\",\"urlTemplate\":\"https:\\\/\\\/meetthecharacter.com\\\/fr\\\/?s={search_term_string}\"},\"query-input\":{\"@type\":\"PropertyValueSpecification\",\"valueRequired\":true,\"valueName\":\"search_term_string\"}}],\"inLanguage\":\"es\"}]}<\/script>\n<!-- \/ Yoast SEO plugin. -->","yoast_head_json":{"title":"Galerie - Meet the Character","robots":{"index":"index","follow":"follow","max-snippet":"max-snippet:-1","max-image-preview":"max-image-preview:large","max-video-preview":"max-video-preview:-1"},"canonical":"https:\/\/meetthecharacter.com\/fr\/galerie\/","og_locale":"es_ES","og_type":"article","og_title":"Galerie - Meet the Character","og_description":"Les trois ingr\u00e9dients de nos activit\u00e9s sont la surprise, l'\u00e9motion et l'action\u2026 ici, on ne vient pas juste pour regarder. Avec des objectifs tr\u00e8s clairs : enseigner en exp\u00e9rimentant et \u00e9veiller la curiosit\u00e9. Ceci est bien plus que raconter une histoire, c'est vivre l'histoire, d\u00e9couvrez-le dans notre galerie d'images :D\u00e9couvrez nos sc\u00e9nographies spectaculaires \u00a0 Des [&hellip;]","og_url":"https:\/\/meetthecharacter.com\/fr\/galerie\/","og_site_name":"Meet the Character","article_modified_time":"2025-06-11T08:49:33+00:00","twitter_card":"summary_large_image","twitter_misc":{"Tiempo de lectura":"9 minutos"},"schema":{"@context":"https:\/\/schema.org","@graph":[{"@type":"WebPage","@id":"https:\/\/meetthecharacter.com\/fr\/galerie\/","url":"https:\/\/meetthecharacter.com\/fr\/galerie\/","name":"Galerie - Meet the Character","isPartOf":{"@id":"https:\/\/meetthecharacter.com\/fr\/#website"},"datePublished":"2024-08-23T10:17:36+00:00","dateModified":"2025-06-11T08:49:33+00:00","breadcrumb":{"@id":"https:\/\/meetthecharacter.com\/fr\/galerie\/#breadcrumb"},"inLanguage":"es","potentialAction":[{"@type":"ReadAction","target":["https:\/\/meetthecharacter.com\/fr\/galerie\/"]}]},{"@type":"BreadcrumbList","@id":"https:\/\/meetthecharacter.com\/fr\/galerie\/#breadcrumb","itemListElement":[{"@type":"ListItem","position":1,"name":"Portada","item":"https:\/\/meetthecharacter.com\/fr\/"},{"@type":"ListItem","position":2,"name":"Galerie"}]},{"@type":"WebSite","@id":"https:\/\/meetthecharacter.com\/fr\/#website","url":"https:\/\/meetthecharacter.com\/fr\/","name":"Meet the Character","description":"","potentialAction":[{"@type":"SearchAction","target":{"@type":"EntryPoint","urlTemplate":"https:\/\/meetthecharacter.com\/fr\/?s={search_term_string}"},"query-input":{"@type":"PropertyValueSpecification","valueRequired":true,"valueName":"search_term_string"}}],"inLanguage":"es"}]}},"_links":{"self":[{"href":"https:\/\/meetthecharacter.com\/fr\/wp-json\/wp\/v2\/pages\/4685","targetHints":{"allow":["GET"]}}],"collection":[{"href":"https:\/\/meetthecharacter.com\/fr\/wp-json\/wp\/v2\/pages"}],"about":[{"href":"https:\/\/meetthecharacter.com\/fr\/wp-json\/wp\/v2\/types\/page"}],"author":[{"embeddable":true,"href":"https:\/\/meetthecharacter.com\/fr\/wp-json\/wp\/v2\/users\/1"}],"replies":[{"embeddable":true,"href":"https:\/\/meetthecharacter.com\/fr\/wp-json\/wp\/v2\/comments?post=4685"}],"version-history":[{"count":25,"href":"https:\/\/meetthecharacter.com\/fr\/wp-json\/wp\/v2\/pages\/4685\/revisions"}],"predecessor-version":[{"id":5321,"href":"https:\/\/meetthecharacter.com\/fr\/wp-json\/wp\/v2\/pages\/4685\/revisions\/5321"}],"wp:attachment":[{"href":"https:\/\/meetthecharacter.com\/fr\/wp-json\/wp\/v2\/media?parent=4685"}],"curies":[{"name":"wp","href":"https:\/\/api.w.org\/{rel}","templated":true}]}}