{"id":4664,"date":"2023-09-25T10:23:19","date_gmt":"2023-09-25T10:23:19","guid":{"rendered":"https:\/\/meetthecharacter.com\/fr\/?page_id=4664"},"modified":"2025-05-26T10:07:54","modified_gmt":"2025-05-26T10:07:54","slug":"tarifs","status":"publish","type":"page","link":"https:\/\/meetthecharacter.com\/fr\/tarifs\/","title":{"rendered":"tarifs"},"content":{"rendered":"<p>[et_pb_section fb_built=\u00bb1&#8243; admin_label=\u00bbHeader\u00bb _builder_version=\u00bb4.21.0&#8243; background_color=\u00bb#ffdd00&#8243; custom_padding=\u00bb5px||40px|||\u00bb bottom_divider_color=\u00bb#ffffff\u00bb bottom_divider_height=\u00bb160px\u00bb collapsed=\u00bbon\u00bb global_colors_info=\u00bb{}\u00bb][et_pb_row _builder_version=\u00bb4.21.0&#8243; custom_margin=\u00bb4px|auto||auto||\u00bb custom_padding=\u00bb|||24px||\u00bb global_colors_info=\u00bb{}\u00bb][et_pb_column type=\u00bb4_4&#8243; _builder_version=\u00bb4.21.0&#8243; custom_padding=\u00bb50px||||false|false\u00bb global_colors_info=\u00bb{}\u00bb][et_pb_image title_text=\u00bbPrecios\u00bb _builder_version=\u00bb4.27.4&#8243; _module_preset=\u00bbdefault\u00bb hover_enabled=\u00bb0&#8243; global_colors_info=\u00bb{}\u00bb src=\u00bbhttps:\/\/meetthecharacter.com\/fr\/wp-content\/uploads\/2025\/05\/Precios.jpg\u00bb sticky_enabled=\u00bb0&#8243;][\/et_pb_image][\/et_pb_column][\/et_pb_row][\/et_pb_section][et_pb_section fb_built=\u00bb1&#8243; admin_label=\u00bbServices\u00bb _builder_version=\u00bb4.21.0&#8243; background_color=\u00bbRGBA(255,255,255,0)\u00bb z_index=\u00bb10&#8243; min_height=\u00bb387px\u00bb custom_margin=\u00bb-90px||20px|||\u00bb custom_padding=\u00bb0px||0px|||\u00bb global_colors_info=\u00bb{}\u00bb][et_pb_row column_structure=\u00bb1_3,2_3&#8243; _builder_version=\u00bb4.21.0&#8243; background_color=\u00bb#ffffff\u00bb custom_margin=\u00bb-15px|auto|-4px|auto|false|false\u00bb custom_padding=\u00bb60px|46px|60px|46px|true|true\u00bb border_radii=\u00bbon|10px|10px|10px|10px\u00bb border_color_all=\u00bb#E01F45&#8243; box_shadow_style=\u00bbpreset2&#8243; box_shadow_spread=\u00bb7px\u00bb box_shadow_color=\u00bb#D6D6D6&#8243; global_colors_info=\u00bb{}\u00bb][et_pb_column type=\u00bb1_3&#8243; _builder_version=\u00bb4.16&#8243; custom_padding=\u00bb||||false|false\u00bb global_colors_info=\u00bb{}\u00bb][et_pb_blurb use_icon=\u00bbon\u00bb font_icon=\u00bb&#xf2c6;||fa||400&#8243; icon_color=\u00bb#FFFFFF\u00bb image_icon_width=\u00bb77px\u00bb _builder_version=\u00bb4.27.4&#8243; _module_preset=\u00bbdefault\u00bb header_text_align=\u00bbcenter\u00bb header_text_color=\u00bb#000000&#8243; header_font_size=\u00bb18px\u00bb body_text_align=\u00bbcenter\u00bb body_font_size=\u00bb18px\u00bb background_color=\u00bb#f6dc01&#8243; image_icon_custom_margin=\u00bb19px||0px||false|false\u00bb text_orientation=\u00bbcenter\u00bb custom_margin=\u00bb9px||9px||true|false\u00bb custom_padding=\u00bb4px||36px||false|true\u00bb border_radii=\u00bbon|22px|22px|22px|22px\u00bb box_shadow_style=\u00bbpreset2&#8243; global_colors_info=\u00bb{}\u00bb]<\/p>\n<p><strong>Renseignements et r\u00e9servations :<\/strong><\/p>\n<p><strong>640 93 01 02<\/strong><\/p>\n<p><strong>(\u00c9galement par WhatsApp)<\/strong><\/p>\n<p>info@meetthecharacter.com<\/p>\n<p>[\/et_pb_blurb][et_pb_image src=\u00bbhttps:\/\/meetthecharacter.com\/fr\/wp-content\/uploads\/2023\/06\/foto-marco-aurelio.jpg\u00bb title_text=\u00bbfoto marco aurelio\u00bb _builder_version=\u00bb4.21.0&#8243; _module_preset=\u00bbdefault\u00bb custom_margin=\u00bb0px||||false|false\u00bb custom_padding=\u00bb26px||||false|false\u00bb global_colors_info=\u00bb{}\u00bb][\/et_pb_image][\/et_pb_column][et_pb_column type=\u00bb2_3&#8243; _builder_version=\u00bb4.16&#8243; global_colors_info=\u00bb{}\u00bb][et_pb_text _builder_version=\u00bb4.27.4&#8243; _module_preset=\u00bbdefault\u00bb text_font=\u00bbQuicksand||||||||\u00bb text_font_size=\u00bb23px\u00bb text_line_height=\u00bb1.8em\u00bb global_colors_info=\u00bb{}\u00bb]<\/p>\n<p>Nos tarifs varient en fonction du nombre d&#8217;\u00e9l\u00e8ves par jour.<\/p>\n<p>\u00c0 partir de 9\u202f\u20ac par \u00e9l\u00e8ve.<\/p>\n<p>Contactez-nous pour un devis personnalis\u00e9.<\/p>\n<p><strong>Ce qui est inclus<\/strong><strong><\/strong><\/p>\n<p>* Installation de la sc\u00e9nographie n\u00e9cessaire.<\/p>\n<p>*Com\u00e9diens professionnels exp\u00e9riment\u00e9s dans l&#8217;animation de groupes d&#8217;enfants.<\/p>\n<p>*Niveau de langue minimum C1 ou \u00e9quivalent.<\/p>\n<p>*Tous les mat\u00e9riaux n\u00e9cessaires aux activit\u00e9s.<\/p>\n<p>*Adaptation des activit\u00e9s aux horaires de l&#8217;\u00e9cole et \u00e0 la taille des groupes.<\/p>\n<p>*Une tonne d&#8217;\u00e9motions et de plaisir tout en apprenant.<\/p>\n<p>*Pr\u00e9aventure : une activit\u00e9 \u00e0 r\u00e9aliser en classe avec les \u00e9l\u00e8ves pour d\u00e9couvrir le personnage.<\/p>\n<p>[\/et_pb_text][et_pb_icon font_icon=\u00bb&#x22;||divi||400&#8243; _builder_version=\u00bb4.21.0&#8243; _module_preset=\u00bbdefault\u00bb global_colors_info=\u00bb{}\u00bb][\/et_pb_icon][et_pb_contact_form email=\u00bbpablopomar.alternativexperience@gmail.com\u00bb custom_message=\u00bbFormulario de contacto de Meet the character:||et_pb_line_break_holder||||et_pb_line_break_holder||Nombre: %%Name%%||et_pb_line_break_holder||||et_pb_line_break_holder||Tel\u00e9fono: %%Telefono%%||et_pb_line_break_holder||||et_pb_line_break_holder||Empresa: %%Empresa%%||et_pb_line_break_holder||||et_pb_line_break_holder||email: %%Email%%||et_pb_line_break_holder||||et_pb_line_break_holder||Mensaje: %%Message%%||et_pb_line_break_holder||||et_pb_line_break_holder||proetccion: %%proteccion%%\u00bb success_message=\u00bbMerci de nous avoir contact\u00e9s\u00bb submit_button_text=\u00bbEnvoyer\u00bb _builder_version=\u00bb4.27.4&#8243; _module_preset=\u00bbdefault\u00bb _unique_id=\u00bb06cba1da-8f00-42b2-8676-a624b418f4c4&#8243; custom_button=\u00bbon\u00bb button_border_radius=\u00bb17px\u00bb border_radii=\u00bbon|11px|11px|11px|11px\u00bb global_colors_info=\u00bb{}\u00bb][et_pb_contact_field field_id=\u00bbName\u00bb field_title=\u00bbNom\u00bb _builder_version=\u00bb4.27.4&#8243; global_colors_info=\u00bb{}\u00bb button_text_size__hover_enabled=\u00bboff\u00bb button_one_text_size__hover_enabled=\u00bboff\u00bb button_two_text_size__hover_enabled=\u00bboff\u00bb button_text_color__hover_enabled=\u00bboff\u00bb button_one_text_color__hover_enabled=\u00bboff\u00bb button_two_text_color__hover_enabled=\u00bboff\u00bb button_border_width__hover_enabled=\u00bboff\u00bb button_one_border_width__hover_enabled=\u00bboff\u00bb button_two_border_width__hover_enabled=\u00bboff\u00bb button_border_color__hover_enabled=\u00bboff\u00bb button_one_border_color__hover_enabled=\u00bboff\u00bb button_two_border_color__hover_enabled=\u00bboff\u00bb button_border_radius__hover_enabled=\u00bboff\u00bb button_one_border_radius__hover_enabled=\u00bboff\u00bb button_two_border_radius__hover_enabled=\u00bboff\u00bb button_letter_spacing__hover_enabled=\u00bboff\u00bb button_one_letter_spacing__hover_enabled=\u00bboff\u00bb button_two_letter_spacing__hover_enabled=\u00bboff\u00bb button_bg_color__hover_enabled=\u00bboff\u00bb button_one_bg_color__hover_enabled=\u00bboff\u00bb button_two_bg_color__hover_enabled=\u00bboff\u00bb][\/et_pb_contact_field][et_pb_contact_field field_id=\u00bbTelefono\u00bb field_title=\u00bbT\u00e9l\u00e9phone\u00bb _builder_version=\u00bb4.27.4&#8243; global_colors_info=\u00bb{}\u00bb button_text_size__hover_enabled=\u00bboff\u00bb button_one_text_size__hover_enabled=\u00bboff\u00bb button_two_text_size__hover_enabled=\u00bboff\u00bb button_text_color__hover_enabled=\u00bboff\u00bb button_one_text_color__hover_enabled=\u00bboff\u00bb button_two_text_color__hover_enabled=\u00bboff\u00bb button_border_width__hover_enabled=\u00bboff\u00bb button_one_border_width__hover_enabled=\u00bboff\u00bb button_two_border_width__hover_enabled=\u00bboff\u00bb button_border_color__hover_enabled=\u00bboff\u00bb button_one_border_color__hover_enabled=\u00bboff\u00bb button_two_border_color__hover_enabled=\u00bboff\u00bb button_border_radius__hover_enabled=\u00bboff\u00bb button_one_border_radius__hover_enabled=\u00bboff\u00bb button_two_border_radius__hover_enabled=\u00bboff\u00bb button_letter_spacing__hover_enabled=\u00bboff\u00bb button_one_letter_spacing__hover_enabled=\u00bboff\u00bb button_two_letter_spacing__hover_enabled=\u00bboff\u00bb button_bg_color__hover_enabled=\u00bboff\u00bb button_one_bg_color__hover_enabled=\u00bboff\u00bb button_two_bg_color__hover_enabled=\u00bboff\u00bb][\/et_pb_contact_field][et_pb_contact_field field_id=\u00bbEmail\u00bb field_title=\u00bbEmail\u00bb field_type=\u00bbemail\u00bb _builder_version=\u00bb4.27.4&#8243; global_colors_info=\u00bb{}\u00bb button_text_size__hover_enabled=\u00bboff\u00bb button_one_text_size__hover_enabled=\u00bboff\u00bb button_two_text_size__hover_enabled=\u00bboff\u00bb button_text_color__hover_enabled=\u00bboff\u00bb button_one_text_color__hover_enabled=\u00bboff\u00bb button_two_text_color__hover_enabled=\u00bboff\u00bb button_border_width__hover_enabled=\u00bboff\u00bb button_one_border_width__hover_enabled=\u00bboff\u00bb button_two_border_width__hover_enabled=\u00bboff\u00bb button_border_color__hover_enabled=\u00bboff\u00bb button_one_border_color__hover_enabled=\u00bboff\u00bb button_two_border_color__hover_enabled=\u00bboff\u00bb button_border_radius__hover_enabled=\u00bboff\u00bb button_one_border_radius__hover_enabled=\u00bboff\u00bb button_two_border_radius__hover_enabled=\u00bboff\u00bb button_letter_spacing__hover_enabled=\u00bboff\u00bb button_one_letter_spacing__hover_enabled=\u00bboff\u00bb button_two_letter_spacing__hover_enabled=\u00bboff\u00bb button_bg_color__hover_enabled=\u00bboff\u00bb button_one_bg_color__hover_enabled=\u00bboff\u00bb button_two_bg_color__hover_enabled=\u00bboff\u00bb][\/et_pb_contact_field][et_pb_contact_field field_id=\u00bbEmpresa\u00bb field_title=\u00bbEntreprise, \u00e9cole ou institution\u00bb _builder_version=\u00bb4.27.4&#8243; global_colors_info=\u00bb{}\u00bb button_text_size__hover_enabled=\u00bboff\u00bb button_one_text_size__hover_enabled=\u00bboff\u00bb button_two_text_size__hover_enabled=\u00bboff\u00bb button_text_color__hover_enabled=\u00bboff\u00bb button_one_text_color__hover_enabled=\u00bboff\u00bb button_two_text_color__hover_enabled=\u00bboff\u00bb button_border_width__hover_enabled=\u00bboff\u00bb button_one_border_width__hover_enabled=\u00bboff\u00bb button_two_border_width__hover_enabled=\u00bboff\u00bb button_border_color__hover_enabled=\u00bboff\u00bb button_one_border_color__hover_enabled=\u00bboff\u00bb button_two_border_color__hover_enabled=\u00bboff\u00bb button_border_radius__hover_enabled=\u00bboff\u00bb button_one_border_radius__hover_enabled=\u00bboff\u00bb button_two_border_radius__hover_enabled=\u00bboff\u00bb button_letter_spacing__hover_enabled=\u00bboff\u00bb button_one_letter_spacing__hover_enabled=\u00bboff\u00bb button_two_letter_spacing__hover_enabled=\u00bboff\u00bb button_bg_color__hover_enabled=\u00bboff\u00bb button_one_bg_color__hover_enabled=\u00bboff\u00bb button_two_bg_color__hover_enabled=\u00bboff\u00bb][\/et_pb_contact_field][et_pb_contact_field field_id=\u00bbMessage\u00bb field_title=\u00bbMessage\u00bb field_type=\u00bbtext\u00bb fullwidth_field=\u00bbon\u00bb _builder_version=\u00bb4.27.4&#8243; global_colors_info=\u00bb{}\u00bb button_text_size__hover_enabled=\u00bboff\u00bb button_one_text_size__hover_enabled=\u00bboff\u00bb button_two_text_size__hover_enabled=\u00bboff\u00bb button_text_color__hover_enabled=\u00bboff\u00bb button_one_text_color__hover_enabled=\u00bboff\u00bb button_two_text_color__hover_enabled=\u00bboff\u00bb button_border_width__hover_enabled=\u00bboff\u00bb button_one_border_width__hover_enabled=\u00bboff\u00bb button_two_border_width__hover_enabled=\u00bboff\u00bb button_border_color__hover_enabled=\u00bboff\u00bb button_one_border_color__hover_enabled=\u00bboff\u00bb button_two_border_color__hover_enabled=\u00bboff\u00bb button_border_radius__hover_enabled=\u00bboff\u00bb button_one_border_radius__hover_enabled=\u00bboff\u00bb button_two_border_radius__hover_enabled=\u00bboff\u00bb button_letter_spacing__hover_enabled=\u00bboff\u00bb button_one_letter_spacing__hover_enabled=\u00bboff\u00bb button_two_letter_spacing__hover_enabled=\u00bboff\u00bb button_bg_color__hover_enabled=\u00bboff\u00bb button_one_bg_color__hover_enabled=\u00bboff\u00bb button_two_bg_color__hover_enabled=\u00bboff\u00bb][\/et_pb_contact_field][et_pb_contact_field field_id=\u00bbproteccion\u00bb field_title=\u00bbPolitique de protection des donn\u00e9es\u00bb field_type=\u00bbcheckbox\u00bb checkbox_options=\u00bb%91{%22value%22:%22Je suis d&#8217;accord      %22,%22checked%22:0,%22dragID%22:-1,%22link_url%22:%22 https:\/\/meetthecharacter.com\/fr\/textos-legales\/%22,%22link_text%22:%22pol\u00edtica de privacidad%22},{%22value%22:%22Je souhaite recevoir les futurs messages d&#8217;int\u00e9r\u00eat sur les th\u00e8mes. Pas de spam, promis.%22,%22checked%22:0,%22dragID%22:0}%93&#8243; required_mark=\u00bboff\u00bb fullwidth_field=\u00bbon\u00bb _builder_version=\u00bb4.27.4&#8243; global_colors_info=\u00bb{}\u00bb button_text_size__hover_enabled=\u00bboff\u00bb button_one_text_size__hover_enabled=\u00bboff\u00bb button_two_text_size__hover_enabled=\u00bboff\u00bb button_text_color__hover_enabled=\u00bboff\u00bb button_one_text_color__hover_enabled=\u00bboff\u00bb button_two_text_color__hover_enabled=\u00bboff\u00bb button_border_width__hover_enabled=\u00bboff\u00bb button_one_border_width__hover_enabled=\u00bboff\u00bb button_two_border_width__hover_enabled=\u00bboff\u00bb button_border_color__hover_enabled=\u00bboff\u00bb button_one_border_color__hover_enabled=\u00bboff\u00bb button_two_border_color__hover_enabled=\u00bboff\u00bb button_border_radius__hover_enabled=\u00bboff\u00bb button_one_border_radius__hover_enabled=\u00bboff\u00bb button_two_border_radius__hover_enabled=\u00bboff\u00bb button_letter_spacing__hover_enabled=\u00bboff\u00bb button_one_letter_spacing__hover_enabled=\u00bboff\u00bb button_two_letter_spacing__hover_enabled=\u00bboff\u00bb button_bg_color__hover_enabled=\u00bboff\u00bb button_one_bg_color__hover_enabled=\u00bboff\u00bb button_two_bg_color__hover_enabled=\u00bboff\u00bb][\/et_pb_contact_field][\/et_pb_contact_form][\/et_pb_column][\/et_pb_row][\/et_pb_section][et_pb_section fb_built=\u00bb1&#8243; fullwidth=\u00bbon\u00bb _builder_version=\u00bb4.21.0&#8243; _module_preset=\u00bbdefault\u00bb global_colors_info=\u00bb{}\u00bb][et_pb_fullwidth_portfolio fullwidth=\u00bboff\u00bb include_categories=\u00bb37,36,38,35,32,39,33,34,40&#8243; show_date=\u00bboff\u00bb _builder_version=\u00bb4.21.0&#8243; _module_preset=\u00bbdefault\u00bb global_colors_info=\u00bb{}\u00bb][\/et_pb_fullwidth_portfolio][\/et_pb_section]<\/p>\n","protected":false},"excerpt":{"rendered":"<p>Renseignements et r\u00e9servations : 640 93 01 02 (\u00c9galement par WhatsApp) info@meetthecharacter.comNos tarifs varient en fonction du nombre d&#8217;\u00e9l\u00e8ves par jour. \u00c0 partir de 9\u202f\u20ac par \u00e9l\u00e8ve. Contactez-nous pour un devis personnalis\u00e9. Ce qui est inclus * Installation de la sc\u00e9nographie n\u00e9cessaire. *Com\u00e9diens professionnels exp\u00e9riment\u00e9s dans l&#8217;animation de groupes d&#8217;enfants. *Niveau de langue minimum C1 [&hellip;]<\/p>\n","protected":false},"author":1,"featured_media":0,"parent":0,"menu_order":0,"comment_status":"closed","ping_status":"closed","template":"","meta":{"_acf_changed":false,"_et_pb_use_builder":"on","_et_pb_old_content":"","_et_gb_content_width":"","footnotes":""},"class_list":["post-4664","page","type-page","status-publish","hentry"],"acf":[],"yoast_head":"<!-- This site is optimized with the Yoast SEO plugin v27.5 - https:\/\/yoast.com\/product\/yoast-seo-wordpress\/ -->\n<title>tarifs - Meet the Character<\/title>\n<meta name=\"robots\" content=\"index, follow, max-snippet:-1, max-image-preview:large, max-video-preview:-1\" \/>\n<link rel=\"canonical\" href=\"https:\/\/meetthecharacter.com\/fr\/tarifs\/\" \/>\n<meta property=\"og:locale\" content=\"es_ES\" \/>\n<meta property=\"og:type\" content=\"article\" \/>\n<meta property=\"og:title\" content=\"tarifs - Meet the Character\" \/>\n<meta property=\"og:description\" content=\"Renseignements et r\u00e9servations : 640 93 01 02 (\u00c9galement par WhatsApp) info@meetthecharacter.comNos tarifs varient en fonction du nombre d&#039;\u00e9l\u00e8ves par jour. \u00c0 partir de 9\u202f\u20ac par \u00e9l\u00e8ve. Contactez-nous pour un devis personnalis\u00e9. Ce qui est inclus * Installation de la sc\u00e9nographie n\u00e9cessaire. *Com\u00e9diens professionnels exp\u00e9riment\u00e9s dans l&#039;animation de groupes d&#039;enfants. *Niveau de langue minimum C1 [&hellip;]\" \/>\n<meta property=\"og:url\" content=\"https:\/\/meetthecharacter.com\/fr\/tarifs\/\" \/>\n<meta property=\"og:site_name\" content=\"Meet the Character\" \/>\n<meta property=\"article:modified_time\" content=\"2025-05-26T10:07:54+00:00\" \/>\n<meta name=\"twitter:card\" content=\"summary_large_image\" \/>\n<meta name=\"twitter:label1\" content=\"Tiempo de lectura\" \/>\n\t<meta name=\"twitter:data1\" content=\"5 minutos\" \/>\n<script type=\"application\/ld+json\" class=\"yoast-schema-graph\">{\"@context\":\"https:\\\/\\\/schema.org\",\"@graph\":[{\"@type\":\"WebPage\",\"@id\":\"https:\\\/\\\/meetthecharacter.com\\\/fr\\\/tarifs\\\/\",\"url\":\"https:\\\/\\\/meetthecharacter.com\\\/fr\\\/tarifs\\\/\",\"name\":\"tarifs - Meet the Character\",\"isPartOf\":{\"@id\":\"https:\\\/\\\/meetthecharacter.com\\\/fr\\\/#website\"},\"datePublished\":\"2023-09-25T10:23:19+00:00\",\"dateModified\":\"2025-05-26T10:07:54+00:00\",\"breadcrumb\":{\"@id\":\"https:\\\/\\\/meetthecharacter.com\\\/fr\\\/tarifs\\\/#breadcrumb\"},\"inLanguage\":\"es\",\"potentialAction\":[{\"@type\":\"ReadAction\",\"target\":[\"https:\\\/\\\/meetthecharacter.com\\\/fr\\\/tarifs\\\/\"]}]},{\"@type\":\"BreadcrumbList\",\"@id\":\"https:\\\/\\\/meetthecharacter.com\\\/fr\\\/tarifs\\\/#breadcrumb\",\"itemListElement\":[{\"@type\":\"ListItem\",\"position\":1,\"name\":\"Portada\",\"item\":\"https:\\\/\\\/meetthecharacter.com\\\/fr\\\/\"},{\"@type\":\"ListItem\",\"position\":2,\"name\":\"tarifs\"}]},{\"@type\":\"WebSite\",\"@id\":\"https:\\\/\\\/meetthecharacter.com\\\/fr\\\/#website\",\"url\":\"https:\\\/\\\/meetthecharacter.com\\\/fr\\\/\",\"name\":\"Meet the Character\",\"description\":\"\",\"potentialAction\":[{\"@type\":\"SearchAction\",\"target\":{\"@type\":\"EntryPoint\",\"urlTemplate\":\"https:\\\/\\\/meetthecharacter.com\\\/fr\\\/?s={search_term_string}\"},\"query-input\":{\"@type\":\"PropertyValueSpecification\",\"valueRequired\":true,\"valueName\":\"search_term_string\"}}],\"inLanguage\":\"es\"}]}<\/script>\n<!-- \/ Yoast SEO plugin. -->","yoast_head_json":{"title":"tarifs - Meet the Character","robots":{"index":"index","follow":"follow","max-snippet":"max-snippet:-1","max-image-preview":"max-image-preview:large","max-video-preview":"max-video-preview:-1"},"canonical":"https:\/\/meetthecharacter.com\/fr\/tarifs\/","og_locale":"es_ES","og_type":"article","og_title":"tarifs - Meet the Character","og_description":"Renseignements et r\u00e9servations : 640 93 01 02 (\u00c9galement par WhatsApp) info@meetthecharacter.comNos tarifs varient en fonction du nombre d'\u00e9l\u00e8ves par jour. \u00c0 partir de 9\u202f\u20ac par \u00e9l\u00e8ve. Contactez-nous pour un devis personnalis\u00e9. Ce qui est inclus * Installation de la sc\u00e9nographie n\u00e9cessaire. *Com\u00e9diens professionnels exp\u00e9riment\u00e9s dans l'animation de groupes d'enfants. *Niveau de langue minimum C1 [&hellip;]","og_url":"https:\/\/meetthecharacter.com\/fr\/tarifs\/","og_site_name":"Meet the Character","article_modified_time":"2025-05-26T10:07:54+00:00","twitter_card":"summary_large_image","twitter_misc":{"Tiempo de lectura":"5 minutos"},"schema":{"@context":"https:\/\/schema.org","@graph":[{"@type":"WebPage","@id":"https:\/\/meetthecharacter.com\/fr\/tarifs\/","url":"https:\/\/meetthecharacter.com\/fr\/tarifs\/","name":"tarifs - Meet the Character","isPartOf":{"@id":"https:\/\/meetthecharacter.com\/fr\/#website"},"datePublished":"2023-09-25T10:23:19+00:00","dateModified":"2025-05-26T10:07:54+00:00","breadcrumb":{"@id":"https:\/\/meetthecharacter.com\/fr\/tarifs\/#breadcrumb"},"inLanguage":"es","potentialAction":[{"@type":"ReadAction","target":["https:\/\/meetthecharacter.com\/fr\/tarifs\/"]}]},{"@type":"BreadcrumbList","@id":"https:\/\/meetthecharacter.com\/fr\/tarifs\/#breadcrumb","itemListElement":[{"@type":"ListItem","position":1,"name":"Portada","item":"https:\/\/meetthecharacter.com\/fr\/"},{"@type":"ListItem","position":2,"name":"tarifs"}]},{"@type":"WebSite","@id":"https:\/\/meetthecharacter.com\/fr\/#website","url":"https:\/\/meetthecharacter.com\/fr\/","name":"Meet the Character","description":"","potentialAction":[{"@type":"SearchAction","target":{"@type":"EntryPoint","urlTemplate":"https:\/\/meetthecharacter.com\/fr\/?s={search_term_string}"},"query-input":{"@type":"PropertyValueSpecification","valueRequired":true,"valueName":"search_term_string"}}],"inLanguage":"es"}]}},"_links":{"self":[{"href":"https:\/\/meetthecharacter.com\/fr\/wp-json\/wp\/v2\/pages\/4664","targetHints":{"allow":["GET"]}}],"collection":[{"href":"https:\/\/meetthecharacter.com\/fr\/wp-json\/wp\/v2\/pages"}],"about":[{"href":"https:\/\/meetthecharacter.com\/fr\/wp-json\/wp\/v2\/types\/page"}],"author":[{"embeddable":true,"href":"https:\/\/meetthecharacter.com\/fr\/wp-json\/wp\/v2\/users\/1"}],"replies":[{"embeddable":true,"href":"https:\/\/meetthecharacter.com\/fr\/wp-json\/wp\/v2\/comments?post=4664"}],"version-history":[{"count":14,"href":"https:\/\/meetthecharacter.com\/fr\/wp-json\/wp\/v2\/pages\/4664\/revisions"}],"predecessor-version":[{"id":5233,"href":"https:\/\/meetthecharacter.com\/fr\/wp-json\/wp\/v2\/pages\/4664\/revisions\/5233"}],"wp:attachment":[{"href":"https:\/\/meetthecharacter.com\/fr\/wp-json\/wp\/v2\/media?parent=4664"}],"curies":[{"name":"wp","href":"https:\/\/api.w.org\/{rel}","templated":true}]}}