{"id":4294,"date":"2023-06-15T16:06:58","date_gmt":"2023-06-15T16:06:58","guid":{"rendered":"https:\/\/marketingsincuentos.com\/?page_id=4294"},"modified":"2025-06-11T08:48:42","modified_gmt":"2025-06-11T08:48:42","slug":"nous","status":"publish","type":"page","link":"https:\/\/meetthecharacter.com\/fr\/nous\/","title":{"rendered":"Nous &#8211; Quienes somos"},"content":{"rendered":"<p>[et_pb_section fb_built=\u00bb1&#8243; admin_label=\u00bbHeader\u00bb _builder_version=\u00bb4.21.0&#8243; background_color=\u00bb#ffdd00&#8243; custom_padding=\u00bb||40px|||\u00bb bottom_divider_color=\u00bb#ffffff\u00bb bottom_divider_height=\u00bb160px\u00bb collapsed=\u00bbon\u00bb global_colors_info=\u00bb{}\u00bb][et_pb_row _builder_version=\u00bb4.27.4&#8243; custom_padding=\u00bb0px|||24px||\u00bb global_colors_info=\u00bb{}\u00bb][et_pb_column type=\u00bb4_4&#8243; _builder_version=\u00bb4.21.0&#8243; custom_padding=\u00bb50px||||false|false\u00bb global_colors_info=\u00bb{}\u00bb][et_pb_image src=\u00bbhttps:\/\/meetthecharacter.com\/fr\/wp-content\/uploads\/2025\/05\/Somos-apasionados.jpg\u00bb title_text=\u00bbSomos apasionados\u00bb _builder_version=\u00bb4.27.4&#8243; _module_preset=\u00bbdefault\u00bb global_colors_info=\u00bb{}\u00bb][\/et_pb_image][\/et_pb_column][\/et_pb_row][\/et_pb_section][et_pb_section fb_built=\u00bb1&#8243; admin_label=\u00bbServices\u00bb _builder_version=\u00bb4.21.0&#8243; background_color=\u00bbRGBA(255,255,255,0)\u00bb z_index=\u00bb10&#8243; min_height=\u00bb387px\u00bb custom_margin=\u00bb-38px||20px|||\u00bb custom_padding=\u00bb0px||0px|||\u00bb global_colors_info=\u00bb{}\u00bb][et_pb_row column_structure=\u00bb1_3,2_3&#8243; _builder_version=\u00bb4.21.0&#8243; background_color=\u00bb#ffffff\u00bb custom_margin=\u00bb-15px|auto|-4px|auto|false|false\u00bb custom_padding=\u00bb60px|46px|60px|46px|true|true\u00bb border_radii=\u00bbon|10px|10px|10px|10px\u00bb border_color_all=\u00bb#E01F45&#8243; box_shadow_style=\u00bbpreset2&#8243; box_shadow_spread=\u00bb7px\u00bb box_shadow_color=\u00bb#D6D6D6&#8243; global_colors_info=\u00bb{}\u00bb][et_pb_column type=\u00bb1_3&#8243; _builder_version=\u00bb4.16&#8243; custom_padding=\u00bb||||false|false\u00bb global_colors_info=\u00bb{}\u00bb][et_pb_image src=\u00bbhttps:\/\/marketingsincuentos.com\/wp-content\/uploads\/2023\/06\/icono-1-1.jpg\u00bb title_text=\u00bbicono 1&#8243; _builder_version=\u00bb4.21.0&#8243; _module_preset=\u00bbdefault\u00bb global_colors_info=\u00bb{}\u00bb][\/et_pb_image][\/et_pb_column][et_pb_column type=\u00bb2_3&#8243; _builder_version=\u00bb4.16&#8243; global_colors_info=\u00bb{}\u00bb][et_pb_text _builder_version=\u00bb4.27.4&#8243; _module_preset=\u00bbdefault\u00bb text_font=\u00bbQuicksand||||||||\u00bb text_font_size=\u00bb23px\u00bb text_line_height=\u00bb1.8em\u00bb global_colors_info=\u00bb{}\u00bb]<\/p>\n<p data-start=\"305\" data-end=\"379\"><span class=\"relative -mx-px my-[-0.2rem] rounded px-px py-[0.2rem] transition-colors duration-100 ease-in-out\">Nous sommes une \u00e9quipe multidisciplinaire passionn\u00e9e par l&#8217;histoire, la litt\u00e9rature et la science.<\/span><\/p>\n<p data-start=\"381\" data-end=\"455\"><span class=\"relative -mx-px my-[-0.2rem] rounded px-px py-[0.2rem] transition-colors duration-100 ease-in-out\">Nous adorons les histoires et souhaitons les utiliser pour transmettre notre passion.<\/span><\/p>\n<p data-start=\"457\" data-end=\"533\"><span class=\"relative -mx-px my-[-0.2rem] rounded px-px py-[0.2rem] transition-colors duration-100 ease-in-out\">Nous t&#8217;invitons \u00e0 faire un peu plus connaissance avec nous.<\/span><\/p>\n<p>[\/et_pb_text][\/et_pb_column][\/et_pb_row][\/et_pb_section][et_pb_section fb_built=\u00bb1&#8243; _builder_version=\u00bb4.16&#8243; _module_preset=\u00bbdefault\u00bb custom_padding=\u00bb7px||5px|||\u00bb global_colors_info=\u00bb{}\u00bb][et_pb_row column_structure=\u00bb1_2,1_2&#8243; _builder_version=\u00bb4.21.0&#8243; _module_preset=\u00bbdefault\u00bb global_colors_info=\u00bb{}\u00bb][et_pb_column type=\u00bb1_2&#8243; _builder_version=\u00bb4.16&#8243; _module_preset=\u00bbdefault\u00bb global_colors_info=\u00bb{}\u00bb][et_pb_blurb title=\u00bbSp\u00e9cialistes du th\u00e9\u00e2tre\u00bb image=\u00bbhttps:\/\/meetthecharacter.com\/fr\/wp-content\/uploads\/2023\/06\/icono-6.png\u00bb alt=\u00bbMarketing para tu negocio\u00bb image_icon_width=\u00bb70%\u00bb _builder_version=\u00bb4.27.4&#8243; _module_preset=\u00bbdefault\u00bb header_font=\u00bb|800|||||||\u00bb header_text_align=\u00bbcenter\u00bb header_font_size=\u00bb24px\u00bb text_orientation=\u00bbcenter\u00bb custom_padding=\u00bb|70px|0px|70px|false|true\u00bb image_max_width=\u00bb70%\u00bb global_colors_info=\u00bb{}\u00bb]<\/p>\n<p data-start=\"576\" data-end=\"654\"><span class=\"relative -mx-px my-[-0.2rem] rounded px-px py-[0.2rem] transition-colors duration-100 ease-in-out\">Patricia Ladr\u00f3n de Guevara, notre directrice, est actrice, dramaturge et enseignante.<\/span><\/p>\n<p data-start=\"656\" data-end=\"734\"><span class=\"relative -mx-px my-[-0.2rem] rounded px-px py-[0.2rem] transition-colors duration-100 ease-in-out\">Sa formation en \u00e9ducation musicale et en arts du spectacle lui permet de fusionner enseignement et sc\u00e8ne de mani\u00e8re unique.<\/span><\/p>\n<p data-start=\"736\" data-end=\"814\"><span class=\"relative -mx-px my-[-0.2rem] rounded px-px py-[0.2rem] transition-colors duration-100 ease-in-out\">Son exp\u00e9rience dans des pi\u00e8ces de th\u00e9\u00e2tre, des com\u00e9dies musicales pour enfants et des tourn\u00e9es internationales enrichit chaque spectacle, portant l&#8217;art et l&#8217;\u00e9ducation \u00e0 un niveau exceptionnel.<\/span><\/p>\n<p>&nbsp;<\/p>\n<p>[\/et_pb_blurb][et_pb_blurb title=\u00bbConseillers historiques\u00bb image=\u00bbhttps:\/\/meetthecharacter.com\/fr\/wp-content\/uploads\/2023\/06\/icono-3-1.png\u00bb alt=\u00bbMarketing para tu negocio\u00bb image_icon_width=\u00bb70%\u00bb _builder_version=\u00bb4.27.4&#8243; _module_preset=\u00bbdefault\u00bb header_font=\u00bb|800|||||||\u00bb header_text_align=\u00bbcenter\u00bb header_font_size=\u00bb24px\u00bb text_orientation=\u00bbcenter\u00bb custom_padding=\u00bb|70px|0px|70px|false|true\u00bb image_max_width=\u00bb70%\u00bb global_colors_info=\u00bb{}\u00bb]<\/p>\n<p data-start=\"858\" data-end=\"936\"><span class=\"relative -mx-px my-[-0.2rem] rounded px-px py-[0.2rem] transition-colors duration-100 ease-in-out\">Nous collaborons avec des conseillers historiques, des conservateurs de mus\u00e9es et des sp\u00e9cialistes ind\u00e9pendants qui r\u00e9visent nos textes pour garantir leur fid\u00e9lit\u00e9 \u00e0 l&#8217;histoire (et \u00e0 la pr\u00e9histoire).<\/span><\/p>\n<p>[\/et_pb_blurb][\/et_pb_column][et_pb_column type=\u00bb1_2&#8243; _builder_version=\u00bb4.16&#8243; _module_preset=\u00bbdefault\u00bb global_colors_info=\u00bb{}\u00bb][et_pb_blurb title=\u00bbSp\u00e9cialistes en exp\u00e9riences\u00bb image=\u00bbhttps:\/\/meetthecharacter.com\/fr\/wp-content\/uploads\/2023\/06\/icono-5.png\u00bb image_icon_width=\u00bb65%\u00bb _builder_version=\u00bb4.27.4&#8243; _module_preset=\u00bbdefault\u00bb header_font=\u00bb|800|||||||\u00bb header_text_align=\u00bbcenter\u00bb header_font_size=\u00bb24px\u00bb text_orientation=\u00bbcenter\u00bb custom_padding=\u00bb|67px||67px|false|true\u00bb image_max_width=\u00bb70%\u00bb global_colors_info=\u00bb{}\u00bb]<\/p>\n<p data-start=\"983\" data-end=\"1061\"><span class=\"relative -mx-px my-[-0.2rem] rounded px-px py-[0.2rem] transition-colors duration-100 ease-in-out\">Depuis 15 ans, nous cr\u00e9ons des \u00e9v\u00e9nements et des exp\u00e9riences pour transmettre et communiquer \u00e0 travers les \u00e9motions.<\/span><\/p>\n<p data-start=\"1063\" data-end=\"1141\"><span class=\"relative -mx-px my-[-0.2rem] rounded px-px py-[0.2rem] transition-colors duration-100 ease-in-out\">Alternative Xperience nous apporte son expertise en travaillant avec de grandes entreprises espagnoles et internationales, rendant possibles des \u00e9v\u00e9nements de team building, de formation exp\u00e9rientielle, des voyages d&#8217;incitation et du marketing.<\/span><\/p>\n<p>&nbsp;<\/p>\n<p>[\/et_pb_blurb][et_pb_blurb title=\u00bb Conseillers p\u00e9dagogiques\u00bb image=\u00bbhttps:\/\/meetthecharacter.com\/fr\/wp-content\/uploads\/2023\/06\/icono-9.png\u00bb image_icon_width=\u00bb65%\u00bb _builder_version=\u00bb4.27.4&#8243; _module_preset=\u00bbdefault\u00bb header_font=\u00bb|800|||||||\u00bb header_text_align=\u00bbcenter\u00bb header_font_size=\u00bb24px\u00bb text_orientation=\u00bbcenter\u00bb custom_padding=\u00bb|67px||67px|false|true\u00bb image_max_width=\u00bb70%\u00bb global_colors_info=\u00bb{}\u00bb]<\/p>\n<p data-start=\"1185\" data-end=\"1263\"><span class=\"relative -mx-px my-[-0.2rem] rounded px-px py-[0.2rem] transition-colors duration-100 ease-in-out\">Nous collaborons avec des enseignants de diff\u00e9rents niveaux et des psychop\u00e9dagogues qui nous conseillent sur les contenus adapt\u00e9s \u00e0 chaque niveau et discipline.<\/span><\/p>\n<p data-start=\"1265\" data-end=\"1343\"><span class=\"relative -mx-px my-[-0.2rem] rounded px-px py-[0.2rem] transition-colors duration-100 ease-in-out\">Ils travaillent \u00e9galement avec nous sur la mani\u00e8re de les enseigner.<\/span><\/p>\n<p>&nbsp;<\/p>\n<p>[\/et_pb_blurb][\/et_pb_column][\/et_pb_row][\/et_pb_section][et_pb_section fb_built=\u00bb1&#8243; _builder_version=\u00bb4.21.0&#8243; _module_preset=\u00bbdefault\u00bb global_colors_info=\u00bb{}\u00bb][et_pb_row _builder_version=\u00bb4.21.0&#8243; _module_preset=\u00bbdefault\u00bb global_colors_info=\u00bb{}\u00bb][et_pb_column type=\u00bb4_4&#8243; _builder_version=\u00bb4.21.0&#8243; _module_preset=\u00bbdefault\u00bb global_colors_info=\u00bb{}\u00bb][et_pb_text _builder_version=\u00bb4.27.4&#8243; _module_preset=\u00bbdefault\u00bb text_font=\u00bbPlayfair Display||||||||\u00bb text_text_color=\u00bb#000000&#8243; text_font_size=\u00bb57px\u00bb text_line_height=\u00bb1em\u00bb min_height=\u00bb70px\u00bb inline_fonts=\u00bbAleo\u00bb global_colors_info=\u00bb{}\u00bb]<\/p>\n<p style=\"text-align: center;\"><span style=\"font-family: Aleo;\"><span style=\"color: #424242;\">On en parle?<\/span><span style=\"color: #0c71c3;\">\u00a0<\/span><\/span><\/p>\n<p>[\/et_pb_text][et_pb_blurb icon_alignment=\u00bbleft\u00bb content_max_width=\u00bb100%\u00bb icon_alignment_tablet=\u00bb\u00bb icon_alignment_phone=\u00bb\u00bb icon_alignment_last_edited=\u00bbon|tablet\u00bb _builder_version=\u00bb4.27.4&#8243; header_font=\u00bbPlayfair Display|700|||||||\u00bb header_text_align=\u00bbleft\u00bb header_font_size=\u00bb20px\u00bb header_line_height=\u00bb1.5em\u00bb body_font=\u00bbPT Sans||||||||\u00bb body_text_align=\u00bbleft\u00bb body_text_color=\u00bb#62748a\u00bb custom_padding=\u00bb||3px|||\u00bb animation=\u00bboff\u00bb inline_fonts=\u00bbQuicksand\u00bb global_colors_info=\u00bb{}\u00bb]<\/p>\n<p style=\"text-align: center;\"><span style=\"font-family: Quicksand; font-weight: normal; color: #263534;\">Pour plus d&#8217;informations et r\u00e9servations :<\/span><\/p>\n<p style=\"text-align: center;\"><span style=\"font-family: Quicksand; font-weight: normal; color: #263534;\"><\/span><\/p>\n<p>[\/et_pb_blurb][et_pb_button button_url=\u00bbhttps:\/\/meetthecharacter.com\/fr\/contact\/\u00bb button_text=\u00bbCliquez ici pour nous parler\u00bb button_alignment=\u00bbcenter\u00bb _builder_version=\u00bb4.27.4&#8243; _module_preset=\u00bbdefault\u00bb custom_button=\u00bbon\u00bb button_bg_color=\u00bb#f6dc01&#8243; button_border_color=\u00bb#FFFFFF\u00bb button_border_radius=\u00bb24px\u00bb button_font=\u00bbQuicksand||||||||\u00bb button_icon=\u00bb&#x34;||divi||400&#8243; button_icon_color=\u00bb#FFFFFF\u00bb background_layout=\u00bbdark\u00bb hover_enabled=\u00bb0&#8243; global_colors_info=\u00bb{}\u00bb url_new_window=\u00bbon\u00bb sticky_enabled=\u00bb0&#8243; locked=\u00bboff\u00bb][\/et_pb_button][\/et_pb_column][\/et_pb_row][\/et_pb_section]<\/p>\n","protected":false},"excerpt":{"rendered":"<p>Nous sommes une \u00e9quipe multidisciplinaire passionn\u00e9e par l&#8217;histoire, la litt\u00e9rature et la science. Nous adorons les histoires et souhaitons les utiliser pour transmettre notre passion. Nous t&#8217;invitons \u00e0 faire un peu plus connaissance avec nous.Patricia Ladr\u00f3n de Guevara, notre directrice, est actrice, dramaturge et enseignante. Sa formation en \u00e9ducation musicale et en arts du spectacle [&hellip;]<\/p>\n","protected":false},"author":1,"featured_media":0,"parent":0,"menu_order":0,"comment_status":"closed","ping_status":"closed","template":"","meta":{"_acf_changed":false,"_et_pb_use_builder":"on","_et_pb_old_content":"","_et_gb_content_width":"","footnotes":""},"class_list":["post-4294","page","type-page","status-publish","hentry"],"acf":[],"yoast_head":"<!-- This site is optimized with the Yoast SEO plugin v27.5 - https:\/\/yoast.com\/product\/yoast-seo-wordpress\/ -->\n<title>Nous - Quienes somos - Meet the Character<\/title>\n<meta name=\"robots\" content=\"index, follow, max-snippet:-1, max-image-preview:large, max-video-preview:-1\" \/>\n<link rel=\"canonical\" href=\"https:\/\/meetthecharacter.com\/fr\/nous\/\" \/>\n<meta property=\"og:locale\" content=\"es_ES\" \/>\n<meta property=\"og:type\" content=\"article\" \/>\n<meta property=\"og:title\" content=\"Nous - Quienes somos - Meet the Character\" \/>\n<meta property=\"og:description\" content=\"Nous sommes une \u00e9quipe multidisciplinaire passionn\u00e9e par l&#039;histoire, la litt\u00e9rature et la science. Nous adorons les histoires et souhaitons les utiliser pour transmettre notre passion. Nous t&#039;invitons \u00e0 faire un peu plus connaissance avec nous.Patricia Ladr\u00f3n de Guevara, notre directrice, est actrice, dramaturge et enseignante. Sa formation en \u00e9ducation musicale et en arts du spectacle [&hellip;]\" \/>\n<meta property=\"og:url\" content=\"https:\/\/meetthecharacter.com\/fr\/nous\/\" \/>\n<meta property=\"og:site_name\" content=\"Meet the Character\" \/>\n<meta property=\"article:modified_time\" content=\"2025-06-11T08:48:42+00:00\" \/>\n<meta name=\"twitter:card\" content=\"summary_large_image\" \/>\n<meta name=\"twitter:label1\" content=\"Tiempo de lectura\" \/>\n\t<meta name=\"twitter:data1\" content=\"3 minutos\" \/>\n<script type=\"application\/ld+json\" class=\"yoast-schema-graph\">{\"@context\":\"https:\\\/\\\/schema.org\",\"@graph\":[{\"@type\":\"WebPage\",\"@id\":\"https:\\\/\\\/meetthecharacter.com\\\/fr\\\/nous\\\/\",\"url\":\"https:\\\/\\\/meetthecharacter.com\\\/fr\\\/nous\\\/\",\"name\":\"Nous - Quienes somos - Meet the Character\",\"isPartOf\":{\"@id\":\"https:\\\/\\\/meetthecharacter.com\\\/fr\\\/#website\"},\"datePublished\":\"2023-06-15T16:06:58+00:00\",\"dateModified\":\"2025-06-11T08:48:42+00:00\",\"breadcrumb\":{\"@id\":\"https:\\\/\\\/meetthecharacter.com\\\/fr\\\/nous\\\/#breadcrumb\"},\"inLanguage\":\"es\",\"potentialAction\":[{\"@type\":\"ReadAction\",\"target\":[\"https:\\\/\\\/meetthecharacter.com\\\/fr\\\/nous\\\/\"]}]},{\"@type\":\"BreadcrumbList\",\"@id\":\"https:\\\/\\\/meetthecharacter.com\\\/fr\\\/nous\\\/#breadcrumb\",\"itemListElement\":[{\"@type\":\"ListItem\",\"position\":1,\"name\":\"Portada\",\"item\":\"https:\\\/\\\/meetthecharacter.com\\\/fr\\\/\"},{\"@type\":\"ListItem\",\"position\":2,\"name\":\"Nous &#8211; Quienes somos\"}]},{\"@type\":\"WebSite\",\"@id\":\"https:\\\/\\\/meetthecharacter.com\\\/fr\\\/#website\",\"url\":\"https:\\\/\\\/meetthecharacter.com\\\/fr\\\/\",\"name\":\"Meet the Character\",\"description\":\"\",\"potentialAction\":[{\"@type\":\"SearchAction\",\"target\":{\"@type\":\"EntryPoint\",\"urlTemplate\":\"https:\\\/\\\/meetthecharacter.com\\\/fr\\\/?s={search_term_string}\"},\"query-input\":{\"@type\":\"PropertyValueSpecification\",\"valueRequired\":true,\"valueName\":\"search_term_string\"}}],\"inLanguage\":\"es\"}]}<\/script>\n<!-- \/ Yoast SEO plugin. -->","yoast_head_json":{"title":"Nous - Quienes somos - Meet the Character","robots":{"index":"index","follow":"follow","max-snippet":"max-snippet:-1","max-image-preview":"max-image-preview:large","max-video-preview":"max-video-preview:-1"},"canonical":"https:\/\/meetthecharacter.com\/fr\/nous\/","og_locale":"es_ES","og_type":"article","og_title":"Nous - Quienes somos - Meet the Character","og_description":"Nous sommes une \u00e9quipe multidisciplinaire passionn\u00e9e par l'histoire, la litt\u00e9rature et la science. Nous adorons les histoires et souhaitons les utiliser pour transmettre notre passion. Nous t'invitons \u00e0 faire un peu plus connaissance avec nous.Patricia Ladr\u00f3n de Guevara, notre directrice, est actrice, dramaturge et enseignante. Sa formation en \u00e9ducation musicale et en arts du spectacle [&hellip;]","og_url":"https:\/\/meetthecharacter.com\/fr\/nous\/","og_site_name":"Meet the Character","article_modified_time":"2025-06-11T08:48:42+00:00","twitter_card":"summary_large_image","twitter_misc":{"Tiempo de lectura":"3 minutos"},"schema":{"@context":"https:\/\/schema.org","@graph":[{"@type":"WebPage","@id":"https:\/\/meetthecharacter.com\/fr\/nous\/","url":"https:\/\/meetthecharacter.com\/fr\/nous\/","name":"Nous - Quienes somos - Meet the Character","isPartOf":{"@id":"https:\/\/meetthecharacter.com\/fr\/#website"},"datePublished":"2023-06-15T16:06:58+00:00","dateModified":"2025-06-11T08:48:42+00:00","breadcrumb":{"@id":"https:\/\/meetthecharacter.com\/fr\/nous\/#breadcrumb"},"inLanguage":"es","potentialAction":[{"@type":"ReadAction","target":["https:\/\/meetthecharacter.com\/fr\/nous\/"]}]},{"@type":"BreadcrumbList","@id":"https:\/\/meetthecharacter.com\/fr\/nous\/#breadcrumb","itemListElement":[{"@type":"ListItem","position":1,"name":"Portada","item":"https:\/\/meetthecharacter.com\/fr\/"},{"@type":"ListItem","position":2,"name":"Nous &#8211; Quienes somos"}]},{"@type":"WebSite","@id":"https:\/\/meetthecharacter.com\/fr\/#website","url":"https:\/\/meetthecharacter.com\/fr\/","name":"Meet the Character","description":"","potentialAction":[{"@type":"SearchAction","target":{"@type":"EntryPoint","urlTemplate":"https:\/\/meetthecharacter.com\/fr\/?s={search_term_string}"},"query-input":{"@type":"PropertyValueSpecification","valueRequired":true,"valueName":"search_term_string"}}],"inLanguage":"es"}]}},"_links":{"self":[{"href":"https:\/\/meetthecharacter.com\/fr\/wp-json\/wp\/v2\/pages\/4294","targetHints":{"allow":["GET"]}}],"collection":[{"href":"https:\/\/meetthecharacter.com\/fr\/wp-json\/wp\/v2\/pages"}],"about":[{"href":"https:\/\/meetthecharacter.com\/fr\/wp-json\/wp\/v2\/types\/page"}],"author":[{"embeddable":true,"href":"https:\/\/meetthecharacter.com\/fr\/wp-json\/wp\/v2\/users\/1"}],"replies":[{"embeddable":true,"href":"https:\/\/meetthecharacter.com\/fr\/wp-json\/wp\/v2\/comments?post=4294"}],"version-history":[{"count":24,"href":"https:\/\/meetthecharacter.com\/fr\/wp-json\/wp\/v2\/pages\/4294\/revisions"}],"predecessor-version":[{"id":5320,"href":"https:\/\/meetthecharacter.com\/fr\/wp-json\/wp\/v2\/pages\/4294\/revisions\/5320"}],"wp:attachment":[{"href":"https:\/\/meetthecharacter.com\/fr\/wp-json\/wp\/v2\/media?parent=4294"}],"curies":[{"name":"wp","href":"https:\/\/api.w.org\/{rel}","templated":true}]}}